{"id":2353,"date":"2024-05-24T15:03:38","date_gmt":"2024-05-24T13:03:38","guid":{"rendered":"https:\/\/www.certinergie.be\/immo\/?page_id=2353"},"modified":"2024-06-24T12:30:12","modified_gmt":"2024-06-24T10:30:12","slug":"realisations-marketing-immobilier","status":"publish","type":"page","link":"https:\/\/www.certinergie.be\/immo\/fr\/realisations-marketing-immobilier\/","title":{"rendered":"Nos r\u00e9alisations"},"content":{"rendered":"<div id='av_section_1'  class='avia-section av-lkb9aulh-d87e6870db22ede14cdd6adc2376b2e6 main_color avia-section-large avia-no-border-styling  avia-builder-el-0  el_before_av_section  avia-builder-el-first  avia-bg-style-scroll container_wrap sidebar_left'  ><div class='container av-section-cont-open' ><main  role=\"main\" itemprop=\"mainContentOfPage\"  class='template-page content  av-content-small units'><div class='post-entry post-entry-type-page post-entry-2353'><div class='entry-content-wrapper clearfix'>\r\n\r\n<div  class='flex_column av-hq0jx-8b3e813b5bd9ef9b4ea690224daeb3cd av_one_fifth  avia-builder-el-1  el_before_av_three_fifth  avia-builder-el-first  first flex_column_div  '     ><\/div><div  class='flex_column av-14sjx-f7c27cc80a4895c7f6e25163cd1adb6b av_three_fifth  avia-builder-el-2  el_after_av_one_fifth  el_before_av_one_fifth  flex_column_div  '     ><style type=\"text\/css\" data-created_by=\"avia_inline_auto\" id=\"style-css-av-1rmzj-22c5c70072e409d6458338da745ef16a\">\n#top .av-special-heading.av-1rmzj-22c5c70072e409d6458338da745ef16a{\npadding-bottom:10px;\n}\nbody .av-special-heading.av-1rmzj-22c5c70072e409d6458338da745ef16a .av-special-heading-tag .heading-char{\nfont-size:25px;\n}\n.av-special-heading.av-1rmzj-22c5c70072e409d6458338da745ef16a .av-subheading{\nfont-size:15px;\n}\n<\/style>\n<div  class='av-special-heading av-1rmzj-22c5c70072e409d6458338da745ef16a av-special-heading-h1 blockquote modern-quote modern-centered  avia-builder-el-3  el_before_av_textblock  avia-builder-el-first '><h1 class='av-special-heading-tag '  itemprop=\"headline\"  >Nos r\u00e9alisations<\/h1><div class=\"special-heading-border\"><div class=\"special-heading-inner-border\"><\/div><\/div><\/div>\n<section  class='av_textblock_section av-lkb9cd3n-5598ec1ed8bbcaa96e634b31106ad221 '   itemscope=\"itemscope\" itemtype=\"https:\/\/schema.org\/CreativeWork\" ><div class='avia_textblock'  itemprop=\"text\" ><p style=\"text-align: center;\">D\u00e9couvrez comment Certinergie.immo peut m\u00e9tamorphoser la promotion immobili\u00e8re \u00e0 travers une vari\u00e9t\u00e9 de projets que vous trouverez ci-dessous.<\/p>\n<\/div><\/section>\n\n<style type=\"text\/css\" data-created_by=\"avia_inline_auto\" id=\"style-css-av-lkwcuvqm-eb0ba377badeb65f41ba1b8ae761cb6e\">\n#top .hr.hr-invisible.av-lkwcuvqm-eb0ba377badeb65f41ba1b8ae761cb6e{\nheight:20px;\n}\n<\/style>\n<div  class='hr av-lkwcuvqm-eb0ba377badeb65f41ba1b8ae761cb6e hr-invisible  avia-builder-el-5  el_after_av_textblock  el_before_av_button '><span class='hr-inner '><span class=\"hr-inner-style\"><\/span><\/span><\/div>\n<div  class='avia-button-wrap av-lkv8u4yd-16ee5da894ca90937d1cc87bf4741cbc-wrap avia-button-center  avia-builder-el-6  el_after_av_hr  avia-builder-el-last '><a href='https:\/\/www.certinergie.be\/immo\/fr\/certinergie-immo-reserver-une-demo\/'  class='avia-button av-lkv8u4yd-16ee5da894ca90937d1cc87bf4741cbc av-link-btn avia-icon_select-no avia-size-small avia-position-center avia-color-theme-color'   aria-label=\"Demander une d\u00e9mo\"><span class='avia_iconbox_title' >Demander une d\u00e9mo<\/span><\/a><\/div><\/div><div  class='flex_column av-6vrxx-d0912b0ec270a3ff4ad01f7daa5410f4 av_one_fifth  avia-builder-el-7  el_after_av_three_fifth  avia-builder-el-last  flex_column_div  '     ><\/div><\/div><\/div><\/main><!-- close content main element --><\/div><\/div><div id='av_section_2'  class='avia-section av-yrnlp-b26656ec1009dc03a719bfad928377f8 main_color avia-section-large avia-no-border-styling  avia-builder-el-8  el_after_av_section  avia-builder-el-last  avia-bg-style-scroll container_wrap sidebar_left'  ><div class='container av-section-cont-open' ><div class='template-page content  av-content-small units'><div class='post-entry post-entry-type-page post-entry-2353'><div class='entry-content-wrapper clearfix'>\r\n<div  class='flex_column av-s1tl1-b631fe4b5d93f03fab18008524c23586 av_one_full  avia-builder-el-9  avia-builder-el-no-sibling  first flex_column_div  '     ><div id='av-masonry-1' class='av-masonry av-ll3ftoij-aa384e95b749d368ea105c19ad962528 noHover av-fixed-size av-large-gap av-hover-overlay- av-masonry-animation- av-masonry-col-3 av-caption-always av-caption-style-overlay av-masonry-entries av-desktop-columns-overwrite av-desktop-columns-3 av-medium-columns-overwrite av-medium-columns-2 av-small-columns-overwrite av-small-columns-2 av-mini-columns-overwrite av-mini-columns-2 ' data-post_id=\"2353\"><div class='av-masonry-sort main_color av-sort-yes' data-masonry-id='1' ><div class='av-sort-by-term  ' data-av-allowed-sort='[\"prestatie-nl_sort\",\"realisation_sort\"]' ><a href=\"#\" data-filter=\"all_sort\" class=\"all_sort_button active_sort\"><span class=\"inner_sort_button\"><span>Tout<\/span><small class=\"avia-term-count\"> 8 <\/small><\/span><\/a><span class='text-sep prestatie-nl_sort_sep avia_show_sort'>\/<\/span><a href=\"#\" data-filter=\"prestatie-nl_sort\" class=\"prestatie-nl_sort_button avia_show_sort\" ><span class=\"inner_sort_button\"><span>prestatie<\/span><small class='avia-term-count'> 4 <\/small><\/span><\/a><span class='text-sep realisation_sort_sep avia_show_sort'>\/<\/span><a href=\"#\" data-filter=\"realisation_sort\" class=\"realisation_sort_button avia_show_sort\" ><span class=\"inner_sort_button\"><span>realisation<\/span><small class='avia-term-count'> 4 <\/small><\/span><\/a><\/div><\/div><div class=\"av-masonry-container isotope av-js-disabled\"><div class='av-masonry-entry isotope-item av-masonry-item-no-image all_sort prestatie-nl_sort  realisation_sort '><\/div><a href=\"https:\/\/www.certinergie.be\/immo\/nl\/portfolio-item\/huis-met-4-gevels\/\"  id='av-masonry-1-item-1010' data-av-masonry-item='1010' class='av-masonry-entry isotope-item post-1010 portfolio type-portfolio status-publish has-post-thumbnail hentry portfolio_entries-prestatie-nl all_sort prestatie-nl_sort  av-masonry-item-with-image' title=\"matignon15\"   itemscope=\"itemscope\" itemtype=\"https:\/\/schema.org\/CreativeWork\" ><div class='av-inner-masonry-sizer'><\/div><figure class='av-inner-masonry main_color'><div class=\"av-masonry-outerimage-container\"><div class='av-masonry-image-container' style=\"background-image: url(https:\/\/www.certinergie.be\/immo\/wp-content\/uploads\/sites\/2\/2023\/08\/matignon15.jpg);\"  title=\"matignon15\" ><\/div><\/div><figcaption class='av-inner-masonry-content site-background'><div class='av-inner-masonry-content-pos'><div class='av-inner-masonry-content-pos-content'><div class='avia-arrow'><\/div><h3 class='av-masonry-entry-title entry-title '  itemprop=\"headline\" >Huis met 4 gevels<\/h3><\/div><\/div><\/figcaption><\/figure><\/a><!--end av-masonry entry--><a href=\"https:\/\/www.certinergie.be\/immo\/nl\/portfolio-item\/halfvrijstaande-woning\/\"  id='av-masonry-1-item-1007' data-av-masonry-item='1007' class='av-masonry-entry isotope-item post-1007 portfolio type-portfolio status-publish has-post-thumbnail hentry portfolio_entries-prestatie-nl all_sort prestatie-nl_sort  av-masonry-item-with-image' title=\"DOSSOGNE44-(10)\"   itemscope=\"itemscope\" itemtype=\"https:\/\/schema.org\/CreativeWork\" ><div class='av-inner-masonry-sizer'><\/div><figure class='av-inner-masonry main_color'><div class=\"av-masonry-outerimage-container\"><div class='av-masonry-image-container' style=\"background-image: url(https:\/\/www.certinergie.be\/immo\/wp-content\/uploads\/sites\/2\/2023\/08\/DOSSOGNE44-10.jpg);\"  title=\"DOSSOGNE44-(10)\" ><\/div><\/div><figcaption class='av-inner-masonry-content site-background'><div class='av-inner-masonry-content-pos'><div class='av-inner-masonry-content-pos-content'><div class='avia-arrow'><\/div><h3 class='av-masonry-entry-title entry-title '  itemprop=\"headline\" >Halfvrijstaande woning<\/h3><\/div><\/div><\/figcaption><\/figure><\/a><!--end av-masonry entry--><a href=\"https:\/\/www.certinergie.be\/immo\/nl\/portfolio-item\/huis-met-4-gevels-3\/\"  id='av-masonry-1-item-1001' data-av-masonry-item='1001' class='av-masonry-entry isotope-item post-1001 portfolio type-portfolio status-publish has-post-thumbnail hentry portfolio_entries-prestatie-nl all_sort prestatie-nl_sort  av-masonry-item-with-image' title=\"maison-5\"   itemscope=\"itemscope\" itemtype=\"https:\/\/schema.org\/CreativeWork\" ><div class='av-inner-masonry-sizer'><\/div><figure class='av-inner-masonry main_color'><div class=\"av-masonry-outerimage-container\"><div class='av-masonry-image-container' style=\"background-image: url(https:\/\/www.certinergie.be\/immo\/wp-content\/uploads\/sites\/2\/2023\/08\/maison-5.jpg);\"  title=\"maison-5\" ><\/div><\/div><figcaption class='av-inner-masonry-content site-background'><div class='av-inner-masonry-content-pos'><div class='av-inner-masonry-content-pos-content'><div class='avia-arrow'><\/div><h3 class='av-masonry-entry-title entry-title '  itemprop=\"headline\" >Huis met 4 gevels<\/h3><\/div><\/div><\/figcaption><\/figure><\/a><!--end av-masonry entry--><a href=\"https:\/\/www.certinergie.be\/immo\/nl\/portfolio-item\/huis-met-4-gevels-4\/\"  id='av-masonry-1-item-996' data-av-masonry-item='996' class='av-masonry-entry isotope-item post-996 portfolio type-portfolio status-publish has-post-thumbnail hentry portfolio_entries-prestatie-nl all_sort prestatie-nl_sort  av-masonry-item-with-image' title=\"assinthes10\"   itemscope=\"itemscope\" itemtype=\"https:\/\/schema.org\/CreativeWork\" ><div class='av-inner-masonry-sizer'><\/div><figure class='av-inner-masonry main_color'><div class=\"av-masonry-outerimage-container\"><div class='av-masonry-image-container' style=\"background-image: url(https:\/\/www.certinergie.be\/immo\/wp-content\/uploads\/sites\/2\/2023\/08\/assinthes10.jpg);\"  title=\"assinthes10\" ><\/div><\/div><figcaption class='av-inner-masonry-content site-background'><div class='av-inner-masonry-content-pos'><div class='av-inner-masonry-content-pos-content'><div class='avia-arrow'><\/div><h3 class='av-masonry-entry-title entry-title '  itemprop=\"headline\" >Huis met 4 gevels<\/h3><\/div><\/div><\/figcaption><\/figure><\/a><!--end av-masonry entry--><a href=\"https:\/\/www.certinergie.be\/immo\/fr\/portfolio-item\/maison-4-facades-4\/\"  id='av-masonry-1-item-654' data-av-masonry-item='654' class='av-masonry-entry isotope-item post-654 portfolio type-portfolio status-publish has-post-thumbnail hentry portfolio_entries-realisation all_sort realisation_sort  av-masonry-item-with-image' title=\"assinthes10\"   itemscope=\"itemscope\" itemtype=\"https:\/\/schema.org\/CreativeWork\" ><div class='av-inner-masonry-sizer'><\/div><figure class='av-inner-masonry main_color'><div class=\"av-masonry-outerimage-container\"><div class='av-masonry-image-container' style=\"background-image: url(https:\/\/www.certinergie.be\/immo\/wp-content\/uploads\/sites\/2\/2023\/08\/assinthes10.jpg);\"  title=\"assinthes10\" ><\/div><\/div><figcaption class='av-inner-masonry-content site-background'><div class='av-inner-masonry-content-pos'><div class='av-inner-masonry-content-pos-content'><div class='avia-arrow'><\/div><h3 class='av-masonry-entry-title entry-title '  itemprop=\"headline\" >Maison 4 fa\u00e7ades<\/h3><\/div><\/div><\/figcaption><\/figure><\/a><!--end av-masonry entry--><a href=\"https:\/\/www.certinergie.be\/immo\/fr\/portfolio-item\/maison-4-facades-3\/\"  id='av-masonry-1-item-632' data-av-masonry-item='632' class='av-masonry-entry isotope-item post-632 portfolio type-portfolio status-publish has-post-thumbnail hentry portfolio_entries-realisation all_sort realisation_sort  av-masonry-item-with-image' title=\"maison-5\"   itemscope=\"itemscope\" itemtype=\"https:\/\/schema.org\/CreativeWork\" ><div class='av-inner-masonry-sizer'><\/div><figure class='av-inner-masonry main_color'><div class=\"av-masonry-outerimage-container\"><div class='av-masonry-image-container' style=\"background-image: url(https:\/\/www.certinergie.be\/immo\/wp-content\/uploads\/sites\/2\/2023\/08\/maison-5.jpg);\"  title=\"maison-5\" ><\/div><\/div><figcaption class='av-inner-masonry-content site-background'><div class='av-inner-masonry-content-pos'><div class='av-inner-masonry-content-pos-content'><div class='avia-arrow'><\/div><h3 class='av-masonry-entry-title entry-title '  itemprop=\"headline\" >Maison 4 fa\u00e7ades<\/h3><\/div><\/div><\/figcaption><\/figure><\/a><!--end av-masonry entry--><a href=\"https:\/\/www.certinergie.be\/immo\/fr\/portfolio-item\/maison-mitoyenne\/\"  id='av-masonry-1-item-604' data-av-masonry-item='604' class='av-masonry-entry isotope-item post-604 portfolio type-portfolio status-publish has-post-thumbnail hentry portfolio_entries-realisation all_sort realisation_sort  av-masonry-item-with-image' title=\"DOSSOGNE44-(10)\"   itemscope=\"itemscope\" itemtype=\"https:\/\/schema.org\/CreativeWork\" ><div class='av-inner-masonry-sizer'><\/div><figure class='av-inner-masonry main_color'><div class=\"av-masonry-outerimage-container\"><div class='av-masonry-image-container' style=\"background-image: url(https:\/\/www.certinergie.be\/immo\/wp-content\/uploads\/sites\/2\/2023\/08\/DOSSOGNE44-10.jpg);\"  title=\"DOSSOGNE44-(10)\" ><\/div><\/div><figcaption class='av-inner-masonry-content site-background'><div class='av-inner-masonry-content-pos'><div class='av-inner-masonry-content-pos-content'><div class='avia-arrow'><\/div><h3 class='av-masonry-entry-title entry-title '  itemprop=\"headline\" >Maison mitoyenne<\/h3><\/div><\/div><\/figcaption><\/figure><\/a><!--end av-masonry entry--><a href=\"https:\/\/www.certinergie.be\/immo\/fr\/portfolio-item\/maison-4-facades\/\"  id='av-masonry-1-item-265' data-av-masonry-item='265' class='av-masonry-entry isotope-item post-265 portfolio type-portfolio status-publish has-post-thumbnail hentry portfolio_entries-realisation all_sort realisation_sort  av-masonry-item-with-image' title=\"matignon15\"   itemscope=\"itemscope\" itemtype=\"https:\/\/schema.org\/CreativeWork\" ><div class='av-inner-masonry-sizer'><\/div><figure class='av-inner-masonry main_color'><div class=\"av-masonry-outerimage-container\"><div class='av-masonry-image-container' style=\"background-image: url(https:\/\/www.certinergie.be\/immo\/wp-content\/uploads\/sites\/2\/2023\/08\/matignon15.jpg);\"  title=\"matignon15\" ><\/div><\/div><figcaption class='av-inner-masonry-content site-background'><div class='av-inner-masonry-content-pos'><div class='av-inner-masonry-content-pos-content'><div class='avia-arrow'><\/div><h3 class='av-masonry-entry-title entry-title '  itemprop=\"headline\" >Maison 4 fa\u00e7ades<\/h3><\/div><\/div><\/figcaption><\/figure><\/a><!--end av-masonry entry--><\/div><\/div><\/div>\r\n<\/div><\/div><\/div><!-- close content main div --><\/div><\/div><div id='after_section_2'  class='main_color av_default_container_wrap container_wrap sidebar_left'  ><div class='container av-section-cont-open' ><div class='template-page content  av-content-small units'><div class='post-entry post-entry-type-page post-entry-2353'><div class='entry-content-wrapper clearfix'>","protected":false},"excerpt":{"rendered":"","protected":false},"author":1,"featured_media":0,"parent":0,"menu_order":0,"comment_status":"closed","ping_status":"closed","template":"","meta":{"inline_featured_image":false,"footnotes":""},"class_list":["post-2353","page","type-page","status-publish","hentry"],"yoast_head":"<!-- This site is optimized with the Yoast SEO plugin v27.3 - https:\/\/yoast.com\/product\/yoast-seo-wordpress\/ -->\n<title>Marketing immobilier : d\u00e9couvrez nos r\u00e9alisations<\/title>\n<meta name=\"description\" content=\"Le marketing immobilier \u00e0 port\u00e9e de clics! D\u00e9couvrez quelques r\u00e9alisations de nos experts : photos, plan 2D, vid\u00e9o, visite 360 ...\" \/>\n<meta name=\"robots\" content=\"index, follow, max-snippet:-1, max-image-preview:large, max-video-preview:-1\" \/>\n<link rel=\"canonical\" href=\"https:\/\/www.certinergie.be\/immo\/fr\/realisations-marketing-immobilier\/\" \/>\n<meta property=\"og:locale\" content=\"fr_FR\" \/>\n<meta property=\"og:type\" content=\"article\" \/>\n<meta property=\"og:title\" content=\"Marketing immobilier : d\u00e9couvrez nos r\u00e9alisations\" \/>\n<meta property=\"og:description\" content=\"Le marketing immobilier \u00e0 port\u00e9e de clics! D\u00e9couvrez quelques r\u00e9alisations de nos experts : photos, plan 2D, vid\u00e9o, visite 360 ...\" \/>\n<meta property=\"og:url\" content=\"https:\/\/www.certinergie.be\/immo\/fr\/realisations-marketing-immobilier\/\" \/>\n<meta property=\"og:site_name\" content=\"Certinergie - Immobilier\" \/>\n<meta property=\"article:publisher\" content=\"https:\/\/www.facebook.com\/certinergie.immo\" \/>\n<meta property=\"article:modified_time\" content=\"2024-06-24T10:30:12+00:00\" \/>\n<meta property=\"og:image\" content=\"https:\/\/www.certinergie.be\/immo\/wp-content\/uploads\/sites\/2\/2024\/05\/marques_header_immo.jpg\" \/>\n\t<meta property=\"og:image:width\" content=\"845\" \/>\n\t<meta property=\"og:image:height\" content=\"245\" \/>\n\t<meta property=\"og:image:type\" content=\"image\/jpeg\" \/>\n<meta name=\"twitter:card\" content=\"summary_large_image\" \/>\n<meta name=\"twitter:label1\" content=\"Dur\u00e9e de lecture estim\u00e9e\" \/>\n\t<meta name=\"twitter:data1\" content=\"1 minute\" \/>\n<script type=\"application\/ld+json\" class=\"yoast-schema-graph\">{\"@context\":\"https:\\\/\\\/schema.org\",\"@graph\":[{\"@type\":\"WebPage\",\"@id\":\"https:\\\/\\\/www.certinergie.be\\\/immo\\\/fr\\\/realisations-marketing-immobilier\\\/\",\"url\":\"https:\\\/\\\/www.certinergie.be\\\/immo\\\/fr\\\/realisations-marketing-immobilier\\\/\",\"name\":\"Marketing immobilier : d\u00e9couvrez nos r\u00e9alisations\",\"isPartOf\":{\"@id\":\"https:\\\/\\\/www.certinergie.be\\\/immo\\\/#website\"},\"datePublished\":\"2024-05-24T13:03:38+00:00\",\"dateModified\":\"2024-06-24T10:30:12+00:00\",\"description\":\"Le marketing immobilier \u00e0 port\u00e9e de clics! D\u00e9couvrez quelques r\u00e9alisations de nos experts : photos, plan 2D, vid\u00e9o, visite 360 ...\",\"breadcrumb\":{\"@id\":\"https:\\\/\\\/www.certinergie.be\\\/immo\\\/fr\\\/realisations-marketing-immobilier\\\/#breadcrumb\"},\"inLanguage\":\"fr-FR\",\"potentialAction\":[{\"@type\":\"ReadAction\",\"target\":[\"https:\\\/\\\/www.certinergie.be\\\/immo\\\/fr\\\/realisations-marketing-immobilier\\\/\"]}]},{\"@type\":\"BreadcrumbList\",\"@id\":\"https:\\\/\\\/www.certinergie.be\\\/immo\\\/fr\\\/realisations-marketing-immobilier\\\/#breadcrumb\",\"itemListElement\":[{\"@type\":\"ListItem\",\"position\":1,\"name\":\"Accueil\",\"item\":\"https:\\\/\\\/www.certinergie.be\\\/immo\\\/fr\\\/\"},{\"@type\":\"ListItem\",\"position\":2,\"name\":\"Nos r\u00e9alisations\"}]},{\"@type\":\"WebSite\",\"@id\":\"https:\\\/\\\/www.certinergie.be\\\/immo\\\/#website\",\"url\":\"https:\\\/\\\/www.certinergie.be\\\/immo\\\/\",\"name\":\"Certinergie - Immobilier\",\"description\":\"Une toute nouvelle offre de services d\u00e9di\u00e9e aux professionnels de l\u2019immobilier. Vision, offre, approche \u2026 D\u00e9couvrez maintenant l\u2019\u00e9tendue de nos nouveaux services.\",\"publisher\":{\"@id\":\"https:\\\/\\\/www.certinergie.be\\\/immo\\\/#organization\"},\"potentialAction\":[{\"@type\":\"SearchAction\",\"target\":{\"@type\":\"EntryPoint\",\"urlTemplate\":\"https:\\\/\\\/www.certinergie.be\\\/immo\\\/?s={search_term_string}\"},\"query-input\":{\"@type\":\"PropertyValueSpecification\",\"valueRequired\":true,\"valueName\":\"search_term_string\"}}],\"inLanguage\":\"fr-FR\"},{\"@type\":\"Organization\",\"@id\":\"https:\\\/\\\/www.certinergie.be\\\/immo\\\/#organization\",\"name\":\"Certinergie Immo\",\"url\":\"https:\\\/\\\/www.certinergie.be\\\/immo\\\/\",\"logo\":{\"@type\":\"ImageObject\",\"inLanguage\":\"fr-FR\",\"@id\":\"https:\\\/\\\/www.certinergie.be\\\/immo\\\/#\\\/schema\\\/logo\\\/image\\\/\",\"url\":\"https:\\\/\\\/www.certinergie.be\\\/immo\\\/wp-content\\\/uploads\\\/sites\\\/2\\\/2024\\\/05\\\/certinergie-Immo.svg\",\"contentUrl\":\"https:\\\/\\\/www.certinergie.be\\\/immo\\\/wp-content\\\/uploads\\\/sites\\\/2\\\/2024\\\/05\\\/certinergie-Immo.svg\",\"width\":\"1030\",\"height\":\"1030\",\"caption\":\"Certinergie Immo\"},\"image\":{\"@id\":\"https:\\\/\\\/www.certinergie.be\\\/immo\\\/#\\\/schema\\\/logo\\\/image\\\/\"},\"sameAs\":[\"https:\\\/\\\/www.facebook.com\\\/certinergie.immo\",\"https:\\\/\\\/www.linkedin.com\\\/company\\\/certinergie-immo\",\"https:\\\/\\\/www.instagram.com\\\/certinergie.immo\\\/\"]}]}<\/script>\n<!-- \/ Yoast SEO plugin. -->","yoast_head_json":{"title":"Marketing immobilier : d\u00e9couvrez nos r\u00e9alisations","description":"Le marketing immobilier \u00e0 port\u00e9e de clics! D\u00e9couvrez quelques r\u00e9alisations de nos experts : photos, plan 2D, vid\u00e9o, visite 360 ...","robots":{"index":"index","follow":"follow","max-snippet":"max-snippet:-1","max-image-preview":"max-image-preview:large","max-video-preview":"max-video-preview:-1"},"canonical":"https:\/\/www.certinergie.be\/immo\/fr\/realisations-marketing-immobilier\/","og_locale":"fr_FR","og_type":"article","og_title":"Marketing immobilier : d\u00e9couvrez nos r\u00e9alisations","og_description":"Le marketing immobilier \u00e0 port\u00e9e de clics! D\u00e9couvrez quelques r\u00e9alisations de nos experts : photos, plan 2D, vid\u00e9o, visite 360 ...","og_url":"https:\/\/www.certinergie.be\/immo\/fr\/realisations-marketing-immobilier\/","og_site_name":"Certinergie - Immobilier","article_publisher":"https:\/\/www.facebook.com\/certinergie.immo","article_modified_time":"2024-06-24T10:30:12+00:00","og_image":[{"width":845,"height":245,"url":"https:\/\/www.certinergie.be\/immo\/wp-content\/uploads\/sites\/2\/2024\/05\/marques_header_immo.jpg","type":"image\/jpeg"}],"twitter_card":"summary_large_image","twitter_misc":{"Dur\u00e9e de lecture estim\u00e9e":"1 minute"},"schema":{"@context":"https:\/\/schema.org","@graph":[{"@type":"WebPage","@id":"https:\/\/www.certinergie.be\/immo\/fr\/realisations-marketing-immobilier\/","url":"https:\/\/www.certinergie.be\/immo\/fr\/realisations-marketing-immobilier\/","name":"Marketing immobilier : d\u00e9couvrez nos r\u00e9alisations","isPartOf":{"@id":"https:\/\/www.certinergie.be\/immo\/#website"},"datePublished":"2024-05-24T13:03:38+00:00","dateModified":"2024-06-24T10:30:12+00:00","description":"Le marketing immobilier \u00e0 port\u00e9e de clics! D\u00e9couvrez quelques r\u00e9alisations de nos experts : photos, plan 2D, vid\u00e9o, visite 360 ...","breadcrumb":{"@id":"https:\/\/www.certinergie.be\/immo\/fr\/realisations-marketing-immobilier\/#breadcrumb"},"inLanguage":"fr-FR","potentialAction":[{"@type":"ReadAction","target":["https:\/\/www.certinergie.be\/immo\/fr\/realisations-marketing-immobilier\/"]}]},{"@type":"BreadcrumbList","@id":"https:\/\/www.certinergie.be\/immo\/fr\/realisations-marketing-immobilier\/#breadcrumb","itemListElement":[{"@type":"ListItem","position":1,"name":"Accueil","item":"https:\/\/www.certinergie.be\/immo\/fr\/"},{"@type":"ListItem","position":2,"name":"Nos r\u00e9alisations"}]},{"@type":"WebSite","@id":"https:\/\/www.certinergie.be\/immo\/#website","url":"https:\/\/www.certinergie.be\/immo\/","name":"Certinergie - Immobilier","description":"Une toute nouvelle offre de services d\u00e9di\u00e9e aux professionnels de l\u2019immobilier. Vision, offre, approche \u2026 D\u00e9couvrez maintenant l\u2019\u00e9tendue de nos nouveaux services.","publisher":{"@id":"https:\/\/www.certinergie.be\/immo\/#organization"},"potentialAction":[{"@type":"SearchAction","target":{"@type":"EntryPoint","urlTemplate":"https:\/\/www.certinergie.be\/immo\/?s={search_term_string}"},"query-input":{"@type":"PropertyValueSpecification","valueRequired":true,"valueName":"search_term_string"}}],"inLanguage":"fr-FR"},{"@type":"Organization","@id":"https:\/\/www.certinergie.be\/immo\/#organization","name":"Certinergie Immo","url":"https:\/\/www.certinergie.be\/immo\/","logo":{"@type":"ImageObject","inLanguage":"fr-FR","@id":"https:\/\/www.certinergie.be\/immo\/#\/schema\/logo\/image\/","url":"https:\/\/www.certinergie.be\/immo\/wp-content\/uploads\/sites\/2\/2024\/05\/certinergie-Immo.svg","contentUrl":"https:\/\/www.certinergie.be\/immo\/wp-content\/uploads\/sites\/2\/2024\/05\/certinergie-Immo.svg","width":"1030","height":"1030","caption":"Certinergie Immo"},"image":{"@id":"https:\/\/www.certinergie.be\/immo\/#\/schema\/logo\/image\/"},"sameAs":["https:\/\/www.facebook.com\/certinergie.immo","https:\/\/www.linkedin.com\/company\/certinergie-immo","https:\/\/www.instagram.com\/certinergie.immo\/"]}]}},"_links":{"self":[{"href":"https:\/\/www.certinergie.be\/immo\/wp-json\/wp\/v2\/pages\/2353","targetHints":{"allow":["GET"]}}],"collection":[{"href":"https:\/\/www.certinergie.be\/immo\/wp-json\/wp\/v2\/pages"}],"about":[{"href":"https:\/\/www.certinergie.be\/immo\/wp-json\/wp\/v2\/types\/page"}],"author":[{"embeddable":true,"href":"https:\/\/www.certinergie.be\/immo\/wp-json\/wp\/v2\/users\/1"}],"replies":[{"embeddable":true,"href":"https:\/\/www.certinergie.be\/immo\/wp-json\/wp\/v2\/comments?post=2353"}],"version-history":[{"count":5,"href":"https:\/\/www.certinergie.be\/immo\/wp-json\/wp\/v2\/pages\/2353\/revisions"}],"predecessor-version":[{"id":2613,"href":"https:\/\/www.certinergie.be\/immo\/wp-json\/wp\/v2\/pages\/2353\/revisions\/2613"}],"wp:attachment":[{"href":"https:\/\/www.certinergie.be\/immo\/wp-json\/wp\/v2\/media?parent=2353"}],"curies":[{"name":"wp","href":"https:\/\/api.w.org\/{rel}","templated":true}]}}