{"id":2504,"date":"2024-05-31T11:37:54","date_gmt":"2024-05-31T09:37:54","guid":{"rendered":"https:\/\/www.certinergie.be\/immo\/?page_id=2504"},"modified":"2024-10-18T16:50:23","modified_gmt":"2024-10-18T14:50:23","slug":"collaborer-avec-certinergie","status":"publish","type":"page","link":"https:\/\/www.certinergie.be\/immo\/fr\/collaborer-avec-certinergie\/","title":{"rendered":"Collaborer avec Certinergie"},"content":{"rendered":"<div id='av_section_1'  class='avia-section av-lkb9aulh-60c1fec19c95036893cc1894dc88734c main_color avia-section-large avia-no-border-styling  avia-builder-el-0  el_before_av_section  avia-builder-el-first  avia-bg-style-scroll container_wrap sidebar_left'  ><div class='container av-section-cont-open' ><main  role=\"main\" itemprop=\"mainContentOfPage\"  class='template-page content  av-content-small units'><div class='post-entry post-entry-type-page post-entry-2504'><div class='entry-content-wrapper clearfix'>\r\n<div  class='flex_column av-hq0jx-8b3e813b5bd9ef9b4ea690224daeb3cd av_one_fifth  avia-builder-el-1  el_before_av_three_fifth  avia-builder-el-first  first flex_column_div  '     ><\/div><div  class='flex_column av-14sjx-f7c27cc80a4895c7f6e25163cd1adb6b av_three_fifth  avia-builder-el-2  el_after_av_one_fifth  el_before_av_one_fifth  flex_column_div  '     ><style type=\"text\/css\" data-created_by=\"avia_inline_auto\" id=\"style-css-av-1rmzj-7e0ade0f47e620b6e4afaa91f89c89ef\">\n#top .av-special-heading.av-1rmzj-7e0ade0f47e620b6e4afaa91f89c89ef{\npadding-bottom:10px;\n}\nbody .av-special-heading.av-1rmzj-7e0ade0f47e620b6e4afaa91f89c89ef .av-special-heading-tag .heading-char{\nfont-size:25px;\n}\n.av-special-heading.av-1rmzj-7e0ade0f47e620b6e4afaa91f89c89ef .av-subheading{\nfont-size:15px;\n}\n<\/style>\n<div  class='av-special-heading av-1rmzj-7e0ade0f47e620b6e4afaa91f89c89ef av-special-heading-h1 blockquote modern-quote modern-centered  avia-builder-el-3  avia-builder-el-no-sibling '><h1 class='av-special-heading-tag '  itemprop=\"headline\"  >Collaborer avec Certinergie<\/h1><div class=\"special-heading-border\"><div class=\"special-heading-inner-border\"><\/div><\/div><\/div><\/div><div  class='flex_column av-6vrxx-d0912b0ec270a3ff4ad01f7daa5410f4 av_one_fifth  avia-builder-el-4  el_after_av_three_fifth  avia-builder-el-last  flex_column_div  '     ><\/div>\r\n\r\n\r\n<\/div><\/div><\/main><!-- close content main element --><\/div><\/div><div id='av_section_2'  class='avia-section av-lkb9o4ia-615da07c29eb7e8a0b5f382f3a718cb4 main_color avia-section-large avia-no-border-styling  avia-builder-el-5  el_after_av_section  el_before_av_section  avia-bg-style-scroll container_wrap sidebar_left'  ><div class='container av-section-cont-open' ><div class='template-page content  av-content-small units'><div class='post-entry post-entry-type-page post-entry-2504'><div class='entry-content-wrapper clearfix'>\r\n\r\n<div class='flex_column_table av-921qv-8075ae424f4622e55e5940c8af0d0b29 sc-av_one_half av-equal-height-column-flextable'><div  class='flex_column av-921qv-8075ae424f4622e55e5940c8af0d0b29 av_one_half  avia-builder-el-6  el_before_av_one_half  avia-builder-el-first  first flex_column_table_cell av-equal-height-column av-align-top  '     ><style type=\"text\/css\" data-created_by=\"avia_inline_auto\" id=\"style-css-av-8m3in-e20b6fff61db3be1811507ddd3d940e0\">\n#top .av-special-heading.av-8m3in-e20b6fff61db3be1811507ddd3d940e0{\npadding-bottom:10px;\n}\nbody .av-special-heading.av-8m3in-e20b6fff61db3be1811507ddd3d940e0 .av-special-heading-tag .heading-char{\nfont-size:25px;\n}\n.av-special-heading.av-8m3in-e20b6fff61db3be1811507ddd3d940e0 .av-subheading{\nfont-size:15px;\n}\n<\/style>\n<div  class='av-special-heading av-8m3in-e20b6fff61db3be1811507ddd3d940e0 av-special-heading-h2 blockquote modern-quote  avia-builder-el-7  el_before_av_textblock  avia-builder-el-first '><h2 class='av-special-heading-tag '  itemprop=\"headline\"  >\u00c0 propos de Certinergie.immo<\/h2><div class=\"special-heading-border\"><div class=\"special-heading-inner-border\"><\/div><\/div><\/div>\n<section  class='av_textblock_section av-fj0q5-6128b09d8ea662d2fc46b68c46e5d587 '   itemscope=\"itemscope\" itemtype=\"https:\/\/schema.org\/CreativeWork\" ><div class='avia_textblock'  itemprop=\"text\" ><p>Depuis des ann\u00e9es, <a href=\"https:\/\/www.certinergie.be\/immo\/fr\/certinergie-partenaire-confiance\/\">Certinergie.immo<\/a> se sp\u00e9cialise dans le domaine du marketing immobilier, offrant des solutions innovantes pour la mise en valeur des biens. Notre <a href=\"https:\/\/organisme-controle-agree.be\/certinergie\/\" target=\"_blank\" rel=\"noopener\">expertise reconnue<\/a> nous permet de vous accompagner dans tous vos projets immobiliers.<\/p>\n<\/div><\/section><\/div><div class='av-flex-placeholder'><\/div><div  class='flex_column av-8xysk-149bf3f83670a64a06775c344f1dfb01 av_one_half  avia-builder-el-9  el_after_av_one_half  avia-builder-el-last  flex_column_table_cell av-equal-height-column av-align-top  '     ><style type=\"text\/css\" data-created_by=\"avia_inline_auto\" id=\"style-css-av-lm9aq8g1-2decc82546eb81320b6f6b9d27f732b9\">\n.avia-image-container.av-lm9aq8g1-2decc82546eb81320b6f6b9d27f732b9 img.avia_image{\nbox-shadow:none;\n}\n.avia-image-container.av-lm9aq8g1-2decc82546eb81320b6f6b9d27f732b9 .av-image-caption-overlay-center{\ncolor:#ffffff;\n}\n<\/style>\n<div  class='avia-image-container av-lm9aq8g1-2decc82546eb81320b6f6b9d27f732b9 av-styling- avia-align-center  avia-builder-el-10  avia-builder-el-no-sibling '   itemprop=\"image\" itemscope=\"itemscope\" itemtype=\"https:\/\/schema.org\/ImageObject\" ><div class=\"avia-image-container-inner\"><div class=\"avia-image-overlay-wrap\"><img decoding=\"async\" fetchpriority=\"high\" class='wp-image-77 avia-img-lazy-loading-not-77 avia_image ' src=\"https:\/\/www.certinergie.be\/immo\/wp-content\/uploads\/sites\/2\/2024\/05\/service-3-hor_video.png\" alt='Certinergie Immo - vid\u00e9os immobili\u00e8res' title='service-3-hor_video'  height=\"351\" width=\"1000\"  itemprop=\"thumbnailUrl\" srcset=\"https:\/\/www.certinergie.be\/immo\/wp-content\/uploads\/sites\/2\/2024\/05\/service-3-hor_video.png 1000w, https:\/\/www.certinergie.be\/immo\/wp-content\/uploads\/sites\/2\/2024\/05\/service-3-hor_video-300x105.png 300w, https:\/\/www.certinergie.be\/immo\/wp-content\/uploads\/sites\/2\/2024\/05\/service-3-hor_video-768x270.png 768w, https:\/\/www.certinergie.be\/immo\/wp-content\/uploads\/sites\/2\/2024\/05\/service-3-hor_video-705x247.png 705w\" sizes=\"(max-width: 1000px) 100vw, 1000px\" \/><\/div><\/div><\/div><\/div><\/div><!--close column table wrapper. Autoclose: 1 --><\/div><\/div><\/div><!-- close content main div --><\/div><\/div><div id='av_section_3'  class='avia-section av-4tig3p-85e66f7ac583cd1562761a1a5a2fb70c main_color avia-section-large avia-no-border-styling  avia-builder-el-11  el_after_av_section  el_before_av_section  avia-bg-style-scroll container_wrap sidebar_left'  ><div class='container av-section-cont-open' ><div class='template-page content  av-content-small units'><div class='post-entry post-entry-type-page post-entry-2504'><div class='entry-content-wrapper clearfix'>\r\n<div  class='flex_column av-4e9op9-3da5ed767ab999041689e15bf6a52e56 av_one_full  avia-builder-el-12  el_before_av_content_slider  avia-builder-el-first  first flex_column_div  '     ><style type=\"text\/css\" data-created_by=\"avia_inline_auto\" id=\"style-css-av-48pyvx-c063b7ee3fe0de749a466e53ed4a7610\">\n#top .av-special-heading.av-48pyvx-c063b7ee3fe0de749a466e53ed4a7610{\npadding-bottom:10px;\n}\nbody .av-special-heading.av-48pyvx-c063b7ee3fe0de749a466e53ed4a7610 .av-special-heading-tag .heading-char{\nfont-size:25px;\n}\n.av-special-heading.av-48pyvx-c063b7ee3fe0de749a466e53ed4a7610 .av-subheading{\nfont-size:15px;\n}\n<\/style>\n<div  class='av-special-heading av-48pyvx-c063b7ee3fe0de749a466e53ed4a7610 av-special-heading-h2 blockquote modern-quote  avia-builder-el-13  avia-builder-el-no-sibling '><h2 class='av-special-heading-tag '  itemprop=\"headline\"  >Pourquoi choisir de collaborer avec Certinergie.immo ?<\/h2><div class=\"special-heading-border\"><div class=\"special-heading-inner-border\"><\/div><\/div><\/div><\/div><div  class='avia-content-slider-element-container av-lwui7xuc-abb9def815351cf91207679e85b160e1 avia-content-slider-element-slider avia-content-slider avia-smallarrow-slider avia-content-slider-active avia-content-slider-even  avia-builder-el-14  el_after_av_one_full  avia-builder-el-last  av-slideshow-ui av-control-default av-nav-arrows-visible av-nav-dots-visible av-hide-nav-arrows av-slideshow-manual av-loop-once av-loop-manual-endless avia-content-slider1' data-slideshow-options=\"{&quot;animation&quot;:&quot;slide&quot;,&quot;autoplay&quot;:false,&quot;loop_autoplay&quot;:&quot;once&quot;,&quot;interval&quot;:5,&quot;loop_manual&quot;:&quot;manual-endless&quot;,&quot;autoplay_stopper&quot;:false,&quot;noNavigation&quot;:false,&quot;bg_slider&quot;:false,&quot;keep_padding&quot;:&quot;&quot;,&quot;hoverpause&quot;:false,&quot;show_slide_delay&quot;:30}\"><div class='avia-smallarrow-slider-heading  no-content-slider-heading '><div class='new-special-heading'>&nbsp;<\/div><\/div><div class=\"avia-content-slider-inner\"><div class=\"slide-entry-wrap\"><section class='slide-entry av-7yip3c-84077993409a0de1f402b08a621dd70f flex_column av_one_fourth post-entry slide-entry-overview slide-loop-1 slide-parity-odd  first'  itemscope=\"itemscope\" itemtype=\"https:\/\/schema.org\/CreativeWork\" ><div class='slide-entry-excerpt entry-content'  itemprop=\"text\" ><h3>1. Exp\u00e9rience \u00e9prouv\u00e9e<\/h3>\n<p>Avec des ann\u00e9es d&rsquo;exp\u00e9rience, nous avons d\u00e9velopp\u00e9 une m\u00e9thode efficace pour la mise en valeur de chaque bien immobilier.<\/p>\n<\/div><\/section><section class='slide-entry av-65rdmg-4647f85a1338762dec933df1e395713f flex_column av_one_fourth post-entry slide-entry-overview slide-loop-2 slide-parity-even  '  itemscope=\"itemscope\" itemtype=\"https:\/\/schema.org\/CreativeWork\" ><div class='slide-entry-excerpt entry-content'  itemprop=\"text\" ><h3>2. Rapidit\u00e9 in\u00e9gal\u00e9e<\/h3>\n<p>Notre \u00e9quipe d\u00e9di\u00e9e et nos outils modernes nous permettent de r\u00e9pondre \u00e0 vos demandes avec une agilit\u00e9 remarquable, garantissant des d\u00e9lais rapides.<\/p>\n<\/div><\/section><section class='slide-entry av-4y8t0o-ac55fa1770ee6f218910385e98665a61 flex_column av_one_fourth post-entry slide-entry-overview slide-loop-3 slide-parity-odd  '  itemscope=\"itemscope\" itemtype=\"https:\/\/schema.org\/CreativeWork\" ><div class='slide-entry-excerpt entry-content'  itemprop=\"text\" ><h3>3. Gestion des rendez-vous et planification<\/h3>\n<p>Gr\u00e2ce \u00e0 notre syst\u00e8me de planification avanc\u00e9, nous g\u00e9rons vos rendez-vous de mani\u00e8re optimale, vous assurant une tranquillit\u00e9 d\u2019esprit.<\/p>\n<\/div><\/section><section class='slide-entry av-2il5mg-4cefb3178fc9531cdb277cb2ed179816 flex_column av_one_fourth post-entry slide-entry-overview slide-loop-4 slide-parity-even  post-entry-last  '  itemscope=\"itemscope\" itemtype=\"https:\/\/schema.org\/CreativeWork\" ><div class='slide-entry-excerpt entry-content'  itemprop=\"text\" ><h3>4. Qualit\u00e9 de service exceptionnelle<\/h3>\n<p>La satisfaction de nos clients est notre priorit\u00e9. Notre \u00e9quipe d\u00e9di\u00e9e veille \u00e0 fournir un service de la plus haute qualit\u00e9 \u00e0 chaque \u00e9tape du processus.<\/p>\n<\/div><\/section><\/div><\/div><\/div>\r\n\r\n\r\n<\/div><\/div><\/div><!-- close content main div --><\/div><\/div><div id='av_section_4'  class='avia-section av-3ow31h-c7d52a086a5918481df83300948e825a main_color avia-section-default avia-no-border-styling  avia-builder-el-15  el_after_av_section  avia-builder-el-last  avia-bg-style-scroll container_wrap sidebar_left'  ><div class='container av-section-cont-open' ><div class='template-page content  av-content-small units'><div class='post-entry post-entry-type-page post-entry-2504'><div class='entry-content-wrapper clearfix'>\r\n\n<style type=\"text\/css\" data-created_by=\"avia_inline_auto\" id=\"style-css-av-3jsaus-667a43aac22324ab42f95215708de3ac\">\n.flex_column.av-3jsaus-667a43aac22324ab42f95215708de3ac{\npadding:50px 50px 50px 0;\n}\n<\/style>\n<div  class='flex_column av-3jsaus-667a43aac22324ab42f95215708de3ac av_one_half  avia-builder-el-16  el_before_av_one_half  avia-builder-el-first  first no_margin flex_column_div  '     ><style type=\"text\/css\" data-created_by=\"avia_inline_auto\" id=\"style-css-av-2s1ack-155e4b04304fb6b88637f9baac743296\">\n.avia-image-container.av-2s1ack-155e4b04304fb6b88637f9baac743296 img.avia_image{\nbox-shadow:none;\n}\n.avia-image-container.av-2s1ack-155e4b04304fb6b88637f9baac743296 .av-image-caption-overlay-center{\ncolor:#ffffff;\n}\n<\/style>\n<div  class='avia-image-container av-2s1ack-155e4b04304fb6b88637f9baac743296 av-styling- avia-align-center  avia-builder-el-17  avia-builder-el-no-sibling '   itemprop=\"image\" itemscope=\"itemscope\" itemtype=\"https:\/\/schema.org\/ImageObject\" ><div class=\"avia-image-container-inner\"><div class=\"avia-image-overlay-wrap\"><img decoding=\"async\" fetchpriority=\"high\" class='wp-image-80 avia-img-lazy-loading-not-80 avia_image ' src=\"https:\/\/www.certinergie.be\/immo\/wp-content\/uploads\/sites\/2\/2024\/05\/service-3-hor_photos.png\" alt='Certinergie Immo - Photos immobili\u00e8res' title='service-3-hor_photos'  height=\"351\" width=\"1000\"  itemprop=\"thumbnailUrl\" srcset=\"https:\/\/www.certinergie.be\/immo\/wp-content\/uploads\/sites\/2\/2024\/05\/service-3-hor_photos.png 1000w, https:\/\/www.certinergie.be\/immo\/wp-content\/uploads\/sites\/2\/2024\/05\/service-3-hor_photos-300x105.png 300w, https:\/\/www.certinergie.be\/immo\/wp-content\/uploads\/sites\/2\/2024\/05\/service-3-hor_photos-768x270.png 768w, https:\/\/www.certinergie.be\/immo\/wp-content\/uploads\/sites\/2\/2024\/05\/service-3-hor_photos-705x247.png 705w\" sizes=\"(max-width: 1000px) 100vw, 1000px\" \/><\/div><\/div><\/div><\/div>\n<style type=\"text\/css\" data-created_by=\"avia_inline_auto\" id=\"style-css-av-8q0z1-09b0b98bb5c8ab31c2bdfa402323c94b\">\n.flex_column.av-8q0z1-09b0b98bb5c8ab31c2bdfa402323c94b{\nborder-radius:20px 20px 20px 20px;\npadding:50px 50px 50px 50px;\nbackground-color:#00042a;\n}\n<\/style>\n<div  class='flex_column av-8q0z1-09b0b98bb5c8ab31c2bdfa402323c94b av_one_half  avia-builder-el-18  el_after_av_one_half  avia-builder-el-last  no_margin flex_column_div  '     ><style type=\"text\/css\" data-created_by=\"avia_inline_auto\" id=\"style-css-av-28jiwl-53fabc92ea28c80a6e2f8571c5ec8039\">\n#top .av-special-heading.av-28jiwl-53fabc92ea28c80a6e2f8571c5ec8039{\ncolor:#ffffff;\n}\nbody .av-special-heading.av-28jiwl-53fabc92ea28c80a6e2f8571c5ec8039 .av-special-heading-tag .heading-char{\nfont-size:25px;\n}\n.av-special-heading.av-28jiwl-53fabc92ea28c80a6e2f8571c5ec8039 .special-heading-inner-border{\nborder-color:#ffffff;\n}\n.av-special-heading.av-28jiwl-53fabc92ea28c80a6e2f8571c5ec8039 .av-subheading{\nfont-size:15px;\n}\n<\/style>\n<div  class='av-special-heading av-28jiwl-53fabc92ea28c80a6e2f8571c5ec8039 av-special-heading-h2 custom-color-heading blockquote modern-quote  avia-builder-el-19  el_before_av_textblock  avia-builder-el-first '><h2 class='av-special-heading-tag '  itemprop=\"headline\"  >Pr\u00eat \u00e0 mettre en valeur vos biens ?<\/h2><div class=\"special-heading-border\"><div class=\"special-heading-inner-border\"><\/div><\/div><\/div>\n\n<style type=\"text\/css\" data-created_by=\"avia_inline_auto\" id=\"style-css-av-2425hp-968a498eb903efc48346fa4c6351812b\">\n#top .av_textblock_section.av-2425hp-968a498eb903efc48346fa4c6351812b .avia_textblock{\ncolor:#ffffff;\n}\n<\/style>\n<section  class='av_textblock_section av-2425hp-968a498eb903efc48346fa4c6351812b '   itemscope=\"itemscope\" itemtype=\"https:\/\/schema.org\/CreativeWork\" ><div class='avia_textblock av_inherit_color'  itemprop=\"text\" ><p>Faites confiance \u00e0 Certinergie.immo. Contactez-nous d\u00e8s aujourd&rsquo;hui pour en savoir plus.<\/p>\n<\/div><\/section>\n<div  class='avia-button-wrap av-1ucqsd-e382c5bb3efa508adc8525a1960e01e9-wrap avia-button-left  avia-builder-el-21  el_after_av_textblock  avia-builder-el-last '><a href='https:\/\/www.certinergie.be\/immo\/fr\/contact\/'  class='avia-button av-1ucqsd-e382c5bb3efa508adc8525a1960e01e9 av-link-btn avia-icon_select-no avia-size-small avia-position-left avia-color-theme-color'   aria-label=\"Contactez-nous\"><span class='avia_iconbox_title' >Contactez-nous<\/span><\/a><\/div><\/div>\r\n<\/div><\/div><\/div><!-- close content main div --><\/div><\/div><div id='after_section_4'  class='main_color av_default_container_wrap container_wrap sidebar_left'  ><div class='container av-section-cont-open' ><div class='template-page content  av-content-small units'><div class='post-entry post-entry-type-page post-entry-2504'><div class='entry-content-wrapper clearfix'>","protected":false},"excerpt":{"rendered":"","protected":false},"author":1,"featured_media":0,"parent":0,"menu_order":0,"comment_status":"closed","ping_status":"closed","template":"","meta":{"inline_featured_image":false,"footnotes":""},"class_list":["post-2504","page","type-page","status-publish","hentry"],"yoast_head":"<!-- This site is optimized with the Yoast SEO plugin v27.3 - https:\/\/yoast.com\/product\/yoast-seo-wordpress\/ -->\n<title>Collaborer avec Certinergie - Certinergie - Immobilier<\/title>\n<meta name=\"description\" content=\"Collaborer avec Certinergie.immo, sp\u00e9cialise dans le marketing immobilier. Solutions innovantes pour la mise en valeur des biens\" \/>\n<meta name=\"robots\" content=\"index, follow, max-snippet:-1, max-image-preview:large, max-video-preview:-1\" \/>\n<link rel=\"canonical\" href=\"https:\/\/www.certinergie.be\/immo\/fr\/collaborer-avec-certinergie\/\" \/>\n<meta property=\"og:locale\" content=\"fr_FR\" \/>\n<meta property=\"og:type\" content=\"article\" \/>\n<meta property=\"og:title\" content=\"Collaborer avec Certinergie - Certinergie - Immobilier\" \/>\n<meta property=\"og:description\" content=\"Collaborer avec Certinergie.immo, sp\u00e9cialise dans le marketing immobilier. Solutions innovantes pour la mise en valeur des biens\" \/>\n<meta property=\"og:url\" content=\"https:\/\/www.certinergie.be\/immo\/fr\/collaborer-avec-certinergie\/\" \/>\n<meta property=\"og:site_name\" content=\"Certinergie - Immobilier\" \/>\n<meta property=\"article:publisher\" content=\"https:\/\/www.facebook.com\/certinergie.immo\" \/>\n<meta property=\"article:modified_time\" content=\"2024-10-18T14:50:23+00:00\" \/>\n<meta property=\"og:image\" content=\"https:\/\/www.certinergie.be\/immo\/wp-content\/uploads\/sites\/2\/2024\/05\/marques_header_immo.jpg\" \/>\n\t<meta property=\"og:image:width\" content=\"845\" \/>\n\t<meta property=\"og:image:height\" content=\"245\" \/>\n\t<meta property=\"og:image:type\" content=\"image\/jpeg\" \/>\n<meta name=\"twitter:card\" content=\"summary_large_image\" \/>\n<meta name=\"twitter:label1\" content=\"Dur\u00e9e de lecture estim\u00e9e\" \/>\n\t<meta name=\"twitter:data1\" content=\"2 minutes\" \/>\n<script type=\"application\/ld+json\" class=\"yoast-schema-graph\">{\"@context\":\"https:\\\/\\\/schema.org\",\"@graph\":[{\"@type\":\"WebPage\",\"@id\":\"https:\\\/\\\/www.certinergie.be\\\/immo\\\/fr\\\/collaborer-avec-certinergie\\\/\",\"url\":\"https:\\\/\\\/www.certinergie.be\\\/immo\\\/fr\\\/collaborer-avec-certinergie\\\/\",\"name\":\"Collaborer avec Certinergie - Certinergie - Immobilier\",\"isPartOf\":{\"@id\":\"https:\\\/\\\/www.certinergie.be\\\/immo\\\/#website\"},\"datePublished\":\"2024-05-31T09:37:54+00:00\",\"dateModified\":\"2024-10-18T14:50:23+00:00\",\"description\":\"Collaborer avec Certinergie.immo, sp\u00e9cialise dans le marketing immobilier. Solutions innovantes pour la mise en valeur des biens\",\"breadcrumb\":{\"@id\":\"https:\\\/\\\/www.certinergie.be\\\/immo\\\/fr\\\/collaborer-avec-certinergie\\\/#breadcrumb\"},\"inLanguage\":\"fr-FR\",\"potentialAction\":[{\"@type\":\"ReadAction\",\"target\":[\"https:\\\/\\\/www.certinergie.be\\\/immo\\\/fr\\\/collaborer-avec-certinergie\\\/\"]}]},{\"@type\":\"BreadcrumbList\",\"@id\":\"https:\\\/\\\/www.certinergie.be\\\/immo\\\/fr\\\/collaborer-avec-certinergie\\\/#breadcrumb\",\"itemListElement\":[{\"@type\":\"ListItem\",\"position\":1,\"name\":\"Accueil\",\"item\":\"https:\\\/\\\/www.certinergie.be\\\/immo\\\/fr\\\/\"},{\"@type\":\"ListItem\",\"position\":2,\"name\":\"Collaborer avec Certinergie\"}]},{\"@type\":\"WebSite\",\"@id\":\"https:\\\/\\\/www.certinergie.be\\\/immo\\\/#website\",\"url\":\"https:\\\/\\\/www.certinergie.be\\\/immo\\\/\",\"name\":\"Certinergie - Immobilier\",\"description\":\"Une toute nouvelle offre de services d\u00e9di\u00e9e aux professionnels de l\u2019immobilier. Vision, offre, approche \u2026 D\u00e9couvrez maintenant l\u2019\u00e9tendue de nos nouveaux services.\",\"publisher\":{\"@id\":\"https:\\\/\\\/www.certinergie.be\\\/immo\\\/#organization\"},\"potentialAction\":[{\"@type\":\"SearchAction\",\"target\":{\"@type\":\"EntryPoint\",\"urlTemplate\":\"https:\\\/\\\/www.certinergie.be\\\/immo\\\/?s={search_term_string}\"},\"query-input\":{\"@type\":\"PropertyValueSpecification\",\"valueRequired\":true,\"valueName\":\"search_term_string\"}}],\"inLanguage\":\"fr-FR\"},{\"@type\":\"Organization\",\"@id\":\"https:\\\/\\\/www.certinergie.be\\\/immo\\\/#organization\",\"name\":\"Certinergie Immo\",\"url\":\"https:\\\/\\\/www.certinergie.be\\\/immo\\\/\",\"logo\":{\"@type\":\"ImageObject\",\"inLanguage\":\"fr-FR\",\"@id\":\"https:\\\/\\\/www.certinergie.be\\\/immo\\\/#\\\/schema\\\/logo\\\/image\\\/\",\"url\":\"https:\\\/\\\/www.certinergie.be\\\/immo\\\/wp-content\\\/uploads\\\/sites\\\/2\\\/2024\\\/05\\\/certinergie-Immo.svg\",\"contentUrl\":\"https:\\\/\\\/www.certinergie.be\\\/immo\\\/wp-content\\\/uploads\\\/sites\\\/2\\\/2024\\\/05\\\/certinergie-Immo.svg\",\"width\":\"1030\",\"height\":\"1030\",\"caption\":\"Certinergie Immo\"},\"image\":{\"@id\":\"https:\\\/\\\/www.certinergie.be\\\/immo\\\/#\\\/schema\\\/logo\\\/image\\\/\"},\"sameAs\":[\"https:\\\/\\\/www.facebook.com\\\/certinergie.immo\",\"https:\\\/\\\/www.linkedin.com\\\/company\\\/certinergie-immo\",\"https:\\\/\\\/www.instagram.com\\\/certinergie.immo\\\/\"]}]}<\/script>\n<!-- \/ Yoast SEO plugin. -->","yoast_head_json":{"title":"Collaborer avec Certinergie - Certinergie - Immobilier","description":"Collaborer avec Certinergie.immo, sp\u00e9cialise dans le marketing immobilier. Solutions innovantes pour la mise en valeur des biens","robots":{"index":"index","follow":"follow","max-snippet":"max-snippet:-1","max-image-preview":"max-image-preview:large","max-video-preview":"max-video-preview:-1"},"canonical":"https:\/\/www.certinergie.be\/immo\/fr\/collaborer-avec-certinergie\/","og_locale":"fr_FR","og_type":"article","og_title":"Collaborer avec Certinergie - Certinergie - Immobilier","og_description":"Collaborer avec Certinergie.immo, sp\u00e9cialise dans le marketing immobilier. Solutions innovantes pour la mise en valeur des biens","og_url":"https:\/\/www.certinergie.be\/immo\/fr\/collaborer-avec-certinergie\/","og_site_name":"Certinergie - Immobilier","article_publisher":"https:\/\/www.facebook.com\/certinergie.immo","article_modified_time":"2024-10-18T14:50:23+00:00","og_image":[{"width":845,"height":245,"url":"https:\/\/www.certinergie.be\/immo\/wp-content\/uploads\/sites\/2\/2024\/05\/marques_header_immo.jpg","type":"image\/jpeg"}],"twitter_card":"summary_large_image","twitter_misc":{"Dur\u00e9e de lecture estim\u00e9e":"2 minutes"},"schema":{"@context":"https:\/\/schema.org","@graph":[{"@type":"WebPage","@id":"https:\/\/www.certinergie.be\/immo\/fr\/collaborer-avec-certinergie\/","url":"https:\/\/www.certinergie.be\/immo\/fr\/collaborer-avec-certinergie\/","name":"Collaborer avec Certinergie - Certinergie - Immobilier","isPartOf":{"@id":"https:\/\/www.certinergie.be\/immo\/#website"},"datePublished":"2024-05-31T09:37:54+00:00","dateModified":"2024-10-18T14:50:23+00:00","description":"Collaborer avec Certinergie.immo, sp\u00e9cialise dans le marketing immobilier. Solutions innovantes pour la mise en valeur des biens","breadcrumb":{"@id":"https:\/\/www.certinergie.be\/immo\/fr\/collaborer-avec-certinergie\/#breadcrumb"},"inLanguage":"fr-FR","potentialAction":[{"@type":"ReadAction","target":["https:\/\/www.certinergie.be\/immo\/fr\/collaborer-avec-certinergie\/"]}]},{"@type":"BreadcrumbList","@id":"https:\/\/www.certinergie.be\/immo\/fr\/collaborer-avec-certinergie\/#breadcrumb","itemListElement":[{"@type":"ListItem","position":1,"name":"Accueil","item":"https:\/\/www.certinergie.be\/immo\/fr\/"},{"@type":"ListItem","position":2,"name":"Collaborer avec Certinergie"}]},{"@type":"WebSite","@id":"https:\/\/www.certinergie.be\/immo\/#website","url":"https:\/\/www.certinergie.be\/immo\/","name":"Certinergie - Immobilier","description":"Une toute nouvelle offre de services d\u00e9di\u00e9e aux professionnels de l\u2019immobilier. Vision, offre, approche \u2026 D\u00e9couvrez maintenant l\u2019\u00e9tendue de nos nouveaux services.","publisher":{"@id":"https:\/\/www.certinergie.be\/immo\/#organization"},"potentialAction":[{"@type":"SearchAction","target":{"@type":"EntryPoint","urlTemplate":"https:\/\/www.certinergie.be\/immo\/?s={search_term_string}"},"query-input":{"@type":"PropertyValueSpecification","valueRequired":true,"valueName":"search_term_string"}}],"inLanguage":"fr-FR"},{"@type":"Organization","@id":"https:\/\/www.certinergie.be\/immo\/#organization","name":"Certinergie Immo","url":"https:\/\/www.certinergie.be\/immo\/","logo":{"@type":"ImageObject","inLanguage":"fr-FR","@id":"https:\/\/www.certinergie.be\/immo\/#\/schema\/logo\/image\/","url":"https:\/\/www.certinergie.be\/immo\/wp-content\/uploads\/sites\/2\/2024\/05\/certinergie-Immo.svg","contentUrl":"https:\/\/www.certinergie.be\/immo\/wp-content\/uploads\/sites\/2\/2024\/05\/certinergie-Immo.svg","width":"1030","height":"1030","caption":"Certinergie Immo"},"image":{"@id":"https:\/\/www.certinergie.be\/immo\/#\/schema\/logo\/image\/"},"sameAs":["https:\/\/www.facebook.com\/certinergie.immo","https:\/\/www.linkedin.com\/company\/certinergie-immo","https:\/\/www.instagram.com\/certinergie.immo\/"]}]}},"_links":{"self":[{"href":"https:\/\/www.certinergie.be\/immo\/wp-json\/wp\/v2\/pages\/2504","targetHints":{"allow":["GET"]}}],"collection":[{"href":"https:\/\/www.certinergie.be\/immo\/wp-json\/wp\/v2\/pages"}],"about":[{"href":"https:\/\/www.certinergie.be\/immo\/wp-json\/wp\/v2\/types\/page"}],"author":[{"embeddable":true,"href":"https:\/\/www.certinergie.be\/immo\/wp-json\/wp\/v2\/users\/1"}],"replies":[{"embeddable":true,"href":"https:\/\/www.certinergie.be\/immo\/wp-json\/wp\/v2\/comments?post=2504"}],"version-history":[{"count":11,"href":"https:\/\/www.certinergie.be\/immo\/wp-json\/wp\/v2\/pages\/2504\/revisions"}],"predecessor-version":[{"id":2816,"href":"https:\/\/www.certinergie.be\/immo\/wp-json\/wp\/v2\/pages\/2504\/revisions\/2816"}],"wp:attachment":[{"href":"https:\/\/www.certinergie.be\/immo\/wp-json\/wp\/v2\/media?parent=2504"}],"curies":[{"name":"wp","href":"https:\/\/api.w.org\/{rel}","templated":true}]}}