{"id":2808,"date":"2024-10-18T16:40:50","date_gmt":"2024-10-18T14:40:50","guid":{"rendered":"https:\/\/www.certinergie.be\/immo\/?page_id=2808"},"modified":"2025-03-27T16:00:00","modified_gmt":"2025-03-27T15:00:00","slug":"liens-utiles","status":"publish","type":"page","link":"https:\/\/www.certinergie.be\/immo\/fr\/liens-utiles\/","title":{"rendered":"Liens utiles"},"content":{"rendered":"<div id='av_section_1'  class='avia-section av-7ee0ig-d69e67c47efb2e68e88272f8b1b77514 alternate_color avia-section-large avia-no-border-styling  avia-builder-el-0  el_before_av_one_full  avia-builder-el-first  avia-bg-style-scroll container_wrap sidebar_left'  ><div class='container av-section-cont-open' ><main  role=\"main\" itemprop=\"mainContentOfPage\"  class='template-page content  av-content-small units'><div class='post-entry post-entry-type-page post-entry-2808'><div class='entry-content-wrapper clearfix'>\r\n<div  class='flex_column av-5h9sw8-564afc910196fa402a0cbf1e49ec022d av_one_fifth  avia-builder-el-1  el_before_av_three_fifth  avia-builder-el-first  first flex_column_div  '     ><\/div><div  class='flex_column av-4in0mw-44312f47a420c302c41f899a7f4ae6f4 av_three_fifth  avia-builder-el-2  el_after_av_one_fifth  el_before_av_one_fifth  flex_column_div  '     ><style type=\"text\/css\" data-created_by=\"avia_inline_auto\" id=\"style-css-av-lmag3ryb-c8db0f357fc35d69b8548b11872656ff\">\n#top .av-special-heading.av-lmag3ryb-c8db0f357fc35d69b8548b11872656ff{\npadding-bottom:10px;\ncolor:#ffffff;\n}\nbody .av-special-heading.av-lmag3ryb-c8db0f357fc35d69b8548b11872656ff .av-special-heading-tag .heading-char{\nfont-size:25px;\n}\n.av-special-heading.av-lmag3ryb-c8db0f357fc35d69b8548b11872656ff .special-heading-inner-border{\nborder-color:#ffffff;\n}\n.av-special-heading.av-lmag3ryb-c8db0f357fc35d69b8548b11872656ff .av-subheading{\nfont-size:15px;\n}\n<\/style>\n<div  class='av-special-heading av-lmag3ryb-c8db0f357fc35d69b8548b11872656ff av-special-heading-h1 custom-color-heading blockquote modern-quote modern-centered  avia-builder-el-3  avia-builder-el-no-sibling '><h1 class='av-special-heading-tag '  itemprop=\"headline\"  >Liens utiles<\/h1><div class=\"special-heading-border\"><div class=\"special-heading-inner-border\"><\/div><\/div><\/div><\/div><div  class='flex_column av-2nj1bs-c82cd257357aeb5540dee4b58727272d av_one_fifth  avia-builder-el-4  el_after_av_three_fifth  avia-builder-el-last  flex_column_div  '     ><\/div>\r\n<\/div><\/div><\/main><!-- close content main element --><\/div><\/div><div id='after_section_1'  class='main_color av_default_container_wrap container_wrap sidebar_left'  ><div class='container av-section-cont-open' ><div class='template-page content  av-content-small units'><div class='post-entry post-entry-type-page post-entry-2808'><div class='entry-content-wrapper clearfix'>\r\n\r\n\n<style type=\"text\/css\" data-created_by=\"avia_inline_auto\" id=\"style-css-av-anybpdb-c45fb9808185a1f36243d16157224d8c\">\n.flex_column.av-anybpdb-c45fb9808185a1f36243d16157224d8c{\nborder-radius:0px 0px 0px 0px;\npadding:0px 0px 0px 0px;\n}\n<\/style>\n<div  class='flex_column av-anybpdb-c45fb9808185a1f36243d16157224d8c av_one_full  avia-builder-el-5  el_after_av_section  avia-builder-el-no-sibling  first flex_column_div av-zero-column-padding  '     ><section  class='av_textblock_section av-5f4xrsf-c72fba69697372918882922133c30dc6 '   itemscope=\"itemscope\" itemtype=\"https:\/\/schema.org\/CreativeWork\" ><div class='avia_textblock'  itemprop=\"text\" ><ul>\n<li><a href=\"https:\/\/www.certinergie.be\/\" target=\"_blank\" rel=\"noreferrer noopener\">Certinergie.be<\/a><\/li>\n<li><a href=\"https:\/\/www.certinergie.lu\/fr\/certinergie-organisme-agree\/\" target=\"_blank\" rel=\"noreferrer noopener\">Certinergie.lu<\/a><\/li>\n<li><a href=\"https:\/\/www.greenfish-energy.eu\/certinergie\/\" target=\"_blank\" rel=\"noreferrer noopener\">Greenfish<\/a><\/li>\n<li><a href=\"https:\/\/organisme-controle-agree.be\/certinergie\/\" target=\"_blank\" rel=\"noreferrer noopener\">Organismes de contr\u00f4les agr\u00e9\u00e9s<\/a><\/li>\n<li><a href=\"https:\/\/www.notaire-lambrechts.be\/notaire\/liege\/\" target=\"_blank\" rel=\"noreferrer noopener\">Notaire Lambrechts<\/a><\/li>\n<li><a href=\"https:\/\/www.certinergie.be\/pro\/certinergie-organisme-agree\/\" target=\"_blank\" rel=\"noreferrer noopener\">Certinergie PRO<\/a><\/li>\n<li><a href=\"https:\/\/www.certinergie.be\/installateurs\/\" target=\"_blank\" rel=\"noopener\">Certinergie pour les installateurs<\/a><\/li>\n<li><a href=\"https:\/\/www.tank-check.be\/certinergie\/\" target=\"_blank\" rel=\"noreferrer noopener\">Tank Check<\/a><\/li>\n<li><a href=\"https:\/\/www.green-check.be\/certinergie-organisme-agree\/\" target=\"_blank\" rel=\"noreferrer noopener\">Green Check<\/a><\/li>\n<li><a href=\"https:\/\/www.certinergie.be\/immo\/fr\/certinergie-partenaire-confiance\/\" target=\"_blank\" rel=\"noreferrer noopener\">Certinergie.immo: Simplifiez-vous la vente<\/a><\/li>\n<li><a href=\"https:\/\/www.certinergie.immo\/\" target=\"_blank\" rel=\"noopener\">Les services immobiliers<\/a><\/li>\n<li><a href=\"https:\/\/bypro.immo\/\" target=\"_blank\" rel=\"noreferrer noopener\">bypro.immo<\/a><\/li>\n<li><a href=\"https:\/\/www.whynot.immo\/\" target=\"_blank\" rel=\"noreferrer noopener\">whynot.immo<\/a><\/li>\n<\/ul>\n<\/div><\/section><\/div>","protected":false},"excerpt":{"rendered":"","protected":false},"author":1,"featured_media":0,"parent":0,"menu_order":0,"comment_status":"closed","ping_status":"closed","template":"","meta":{"inline_featured_image":false,"footnotes":""},"class_list":["post-2808","page","type-page","status-publish","hentry"],"yoast_head":"<!-- This site is optimized with the Yoast SEO plugin v27.3 - https:\/\/yoast.com\/product\/yoast-seo-wordpress\/ -->\n<title>Liens utiles - Certinergie - Immobilier<\/title>\n<meta name=\"description\" content=\"Une s\u00e9lection de liens utiles pour vous guider vers des ressources pratiques, des services essentiels et des partenaires de confiance.\" \/>\n<meta name=\"robots\" content=\"index, follow, max-snippet:-1, max-image-preview:large, max-video-preview:-1\" \/>\n<link rel=\"canonical\" href=\"https:\/\/www.certinergie.be\/immo\/fr\/liens-utiles\/\" \/>\n<meta property=\"og:locale\" content=\"fr_FR\" \/>\n<meta property=\"og:type\" content=\"article\" \/>\n<meta property=\"og:title\" content=\"Liens utiles - Certinergie - Immobilier\" \/>\n<meta property=\"og:description\" content=\"Une s\u00e9lection de liens utiles pour vous guider vers des ressources pratiques, des services essentiels et des partenaires de confiance.\" \/>\n<meta property=\"og:url\" content=\"https:\/\/www.certinergie.be\/immo\/fr\/liens-utiles\/\" \/>\n<meta property=\"og:site_name\" content=\"Certinergie - Immobilier\" \/>\n<meta property=\"article:publisher\" content=\"https:\/\/www.facebook.com\/certinergie.immo\" \/>\n<meta property=\"article:modified_time\" content=\"2025-03-27T15:00:00+00:00\" \/>\n<meta property=\"og:image\" content=\"https:\/\/www.certinergie.be\/immo\/wp-content\/uploads\/sites\/2\/2024\/05\/marques_header_immo.jpg\" \/>\n\t<meta property=\"og:image:width\" content=\"845\" \/>\n\t<meta property=\"og:image:height\" content=\"245\" \/>\n\t<meta property=\"og:image:type\" content=\"image\/jpeg\" \/>\n<meta name=\"twitter:card\" content=\"summary_large_image\" \/>\n<meta name=\"twitter:label1\" content=\"Dur\u00e9e de lecture estim\u00e9e\" \/>\n\t<meta name=\"twitter:data1\" content=\"1 minute\" \/>\n<script type=\"application\/ld+json\" class=\"yoast-schema-graph\">{\"@context\":\"https:\\\/\\\/schema.org\",\"@graph\":[{\"@type\":\"WebPage\",\"@id\":\"https:\\\/\\\/www.certinergie.be\\\/immo\\\/fr\\\/liens-utiles\\\/\",\"url\":\"https:\\\/\\\/www.certinergie.be\\\/immo\\\/fr\\\/liens-utiles\\\/\",\"name\":\"Liens utiles - Certinergie - Immobilier\",\"isPartOf\":{\"@id\":\"https:\\\/\\\/www.certinergie.be\\\/immo\\\/#website\"},\"datePublished\":\"2024-10-18T14:40:50+00:00\",\"dateModified\":\"2025-03-27T15:00:00+00:00\",\"description\":\"Une s\u00e9lection de liens utiles pour vous guider vers des ressources pratiques, des services essentiels et des partenaires de confiance.\",\"breadcrumb\":{\"@id\":\"https:\\\/\\\/www.certinergie.be\\\/immo\\\/fr\\\/liens-utiles\\\/#breadcrumb\"},\"inLanguage\":\"fr-FR\",\"potentialAction\":[{\"@type\":\"ReadAction\",\"target\":[\"https:\\\/\\\/www.certinergie.be\\\/immo\\\/fr\\\/liens-utiles\\\/\"]}]},{\"@type\":\"BreadcrumbList\",\"@id\":\"https:\\\/\\\/www.certinergie.be\\\/immo\\\/fr\\\/liens-utiles\\\/#breadcrumb\",\"itemListElement\":[{\"@type\":\"ListItem\",\"position\":1,\"name\":\"Accueil\",\"item\":\"https:\\\/\\\/www.certinergie.be\\\/immo\\\/fr\\\/\"},{\"@type\":\"ListItem\",\"position\":2,\"name\":\"Liens utiles\"}]},{\"@type\":\"WebSite\",\"@id\":\"https:\\\/\\\/www.certinergie.be\\\/immo\\\/#website\",\"url\":\"https:\\\/\\\/www.certinergie.be\\\/immo\\\/\",\"name\":\"Certinergie - Immobilier\",\"description\":\"Une toute nouvelle offre de services d\u00e9di\u00e9e aux professionnels de l\u2019immobilier. Vision, offre, approche \u2026 D\u00e9couvrez maintenant l\u2019\u00e9tendue de nos nouveaux services.\",\"publisher\":{\"@id\":\"https:\\\/\\\/www.certinergie.be\\\/immo\\\/#organization\"},\"potentialAction\":[{\"@type\":\"SearchAction\",\"target\":{\"@type\":\"EntryPoint\",\"urlTemplate\":\"https:\\\/\\\/www.certinergie.be\\\/immo\\\/?s={search_term_string}\"},\"query-input\":{\"@type\":\"PropertyValueSpecification\",\"valueRequired\":true,\"valueName\":\"search_term_string\"}}],\"inLanguage\":\"fr-FR\"},{\"@type\":\"Organization\",\"@id\":\"https:\\\/\\\/www.certinergie.be\\\/immo\\\/#organization\",\"name\":\"Certinergie Immo\",\"url\":\"https:\\\/\\\/www.certinergie.be\\\/immo\\\/\",\"logo\":{\"@type\":\"ImageObject\",\"inLanguage\":\"fr-FR\",\"@id\":\"https:\\\/\\\/www.certinergie.be\\\/immo\\\/#\\\/schema\\\/logo\\\/image\\\/\",\"url\":\"https:\\\/\\\/www.certinergie.be\\\/immo\\\/wp-content\\\/uploads\\\/sites\\\/2\\\/2024\\\/05\\\/certinergie-Immo.svg\",\"contentUrl\":\"https:\\\/\\\/www.certinergie.be\\\/immo\\\/wp-content\\\/uploads\\\/sites\\\/2\\\/2024\\\/05\\\/certinergie-Immo.svg\",\"width\":\"1030\",\"height\":\"1030\",\"caption\":\"Certinergie Immo\"},\"image\":{\"@id\":\"https:\\\/\\\/www.certinergie.be\\\/immo\\\/#\\\/schema\\\/logo\\\/image\\\/\"},\"sameAs\":[\"https:\\\/\\\/www.facebook.com\\\/certinergie.immo\",\"https:\\\/\\\/www.linkedin.com\\\/company\\\/certinergie-immo\",\"https:\\\/\\\/www.instagram.com\\\/certinergie.immo\\\/\"]}]}<\/script>\n<!-- \/ Yoast SEO plugin. -->","yoast_head_json":{"title":"Liens utiles - Certinergie - Immobilier","description":"Une s\u00e9lection de liens utiles pour vous guider vers des ressources pratiques, des services essentiels et des partenaires de confiance.","robots":{"index":"index","follow":"follow","max-snippet":"max-snippet:-1","max-image-preview":"max-image-preview:large","max-video-preview":"max-video-preview:-1"},"canonical":"https:\/\/www.certinergie.be\/immo\/fr\/liens-utiles\/","og_locale":"fr_FR","og_type":"article","og_title":"Liens utiles - Certinergie - Immobilier","og_description":"Une s\u00e9lection de liens utiles pour vous guider vers des ressources pratiques, des services essentiels et des partenaires de confiance.","og_url":"https:\/\/www.certinergie.be\/immo\/fr\/liens-utiles\/","og_site_name":"Certinergie - Immobilier","article_publisher":"https:\/\/www.facebook.com\/certinergie.immo","article_modified_time":"2025-03-27T15:00:00+00:00","og_image":[{"width":845,"height":245,"url":"https:\/\/www.certinergie.be\/immo\/wp-content\/uploads\/sites\/2\/2024\/05\/marques_header_immo.jpg","type":"image\/jpeg"}],"twitter_card":"summary_large_image","twitter_misc":{"Dur\u00e9e de lecture estim\u00e9e":"1 minute"},"schema":{"@context":"https:\/\/schema.org","@graph":[{"@type":"WebPage","@id":"https:\/\/www.certinergie.be\/immo\/fr\/liens-utiles\/","url":"https:\/\/www.certinergie.be\/immo\/fr\/liens-utiles\/","name":"Liens utiles - Certinergie - Immobilier","isPartOf":{"@id":"https:\/\/www.certinergie.be\/immo\/#website"},"datePublished":"2024-10-18T14:40:50+00:00","dateModified":"2025-03-27T15:00:00+00:00","description":"Une s\u00e9lection de liens utiles pour vous guider vers des ressources pratiques, des services essentiels et des partenaires de confiance.","breadcrumb":{"@id":"https:\/\/www.certinergie.be\/immo\/fr\/liens-utiles\/#breadcrumb"},"inLanguage":"fr-FR","potentialAction":[{"@type":"ReadAction","target":["https:\/\/www.certinergie.be\/immo\/fr\/liens-utiles\/"]}]},{"@type":"BreadcrumbList","@id":"https:\/\/www.certinergie.be\/immo\/fr\/liens-utiles\/#breadcrumb","itemListElement":[{"@type":"ListItem","position":1,"name":"Accueil","item":"https:\/\/www.certinergie.be\/immo\/fr\/"},{"@type":"ListItem","position":2,"name":"Liens utiles"}]},{"@type":"WebSite","@id":"https:\/\/www.certinergie.be\/immo\/#website","url":"https:\/\/www.certinergie.be\/immo\/","name":"Certinergie - Immobilier","description":"Une toute nouvelle offre de services d\u00e9di\u00e9e aux professionnels de l\u2019immobilier. Vision, offre, approche \u2026 D\u00e9couvrez maintenant l\u2019\u00e9tendue de nos nouveaux services.","publisher":{"@id":"https:\/\/www.certinergie.be\/immo\/#organization"},"potentialAction":[{"@type":"SearchAction","target":{"@type":"EntryPoint","urlTemplate":"https:\/\/www.certinergie.be\/immo\/?s={search_term_string}"},"query-input":{"@type":"PropertyValueSpecification","valueRequired":true,"valueName":"search_term_string"}}],"inLanguage":"fr-FR"},{"@type":"Organization","@id":"https:\/\/www.certinergie.be\/immo\/#organization","name":"Certinergie Immo","url":"https:\/\/www.certinergie.be\/immo\/","logo":{"@type":"ImageObject","inLanguage":"fr-FR","@id":"https:\/\/www.certinergie.be\/immo\/#\/schema\/logo\/image\/","url":"https:\/\/www.certinergie.be\/immo\/wp-content\/uploads\/sites\/2\/2024\/05\/certinergie-Immo.svg","contentUrl":"https:\/\/www.certinergie.be\/immo\/wp-content\/uploads\/sites\/2\/2024\/05\/certinergie-Immo.svg","width":"1030","height":"1030","caption":"Certinergie Immo"},"image":{"@id":"https:\/\/www.certinergie.be\/immo\/#\/schema\/logo\/image\/"},"sameAs":["https:\/\/www.facebook.com\/certinergie.immo","https:\/\/www.linkedin.com\/company\/certinergie-immo","https:\/\/www.instagram.com\/certinergie.immo\/"]}]}},"_links":{"self":[{"href":"https:\/\/www.certinergie.be\/immo\/wp-json\/wp\/v2\/pages\/2808","targetHints":{"allow":["GET"]}}],"collection":[{"href":"https:\/\/www.certinergie.be\/immo\/wp-json\/wp\/v2\/pages"}],"about":[{"href":"https:\/\/www.certinergie.be\/immo\/wp-json\/wp\/v2\/types\/page"}],"author":[{"embeddable":true,"href":"https:\/\/www.certinergie.be\/immo\/wp-json\/wp\/v2\/users\/1"}],"replies":[{"embeddable":true,"href":"https:\/\/www.certinergie.be\/immo\/wp-json\/wp\/v2\/comments?post=2808"}],"version-history":[{"count":4,"href":"https:\/\/www.certinergie.be\/immo\/wp-json\/wp\/v2\/pages\/2808\/revisions"}],"predecessor-version":[{"id":2828,"href":"https:\/\/www.certinergie.be\/immo\/wp-json\/wp\/v2\/pages\/2808\/revisions\/2828"}],"wp:attachment":[{"href":"https:\/\/www.certinergie.be\/immo\/wp-json\/wp\/v2\/media?parent=2808"}],"curies":[{"name":"wp","href":"https:\/\/api.w.org\/{rel}","templated":true}]}}