{"id":45,"date":"2024-03-25T11:42:45","date_gmt":"2024-03-25T10:42:45","guid":{"rendered":"https:\/\/www.certinergie.be\/?page_id=8537"},"modified":"2025-05-16T09:40:40","modified_gmt":"2025-05-16T07:40:40","slug":"certinergie-immo-creer-un-compte","status":"publish","type":"page","link":"https:\/\/www.certinergie.be\/immo\/fr\/certinergie-immo-creer-un-compte\/","title":{"rendered":"Certinergie Pro Immo : Cr\u00e9er un compte"},"content":{"rendered":"<div id='av_section_1'  class='avia-section av-7hs47k-4c81a123a0bd15165341bfa1486611ea main_color avia-section-default avia-no-border-styling  avia-builder-el-0  el_before_av_section  avia-builder-el-first  avia-bg-style-scroll container_wrap sidebar_left'  ><div class='container av-section-cont-open' ><main  role=\"main\" itemprop=\"mainContentOfPage\"  class='template-page content  av-content-small units'><div class='post-entry post-entry-type-page post-entry-45'><div class='entry-content-wrapper clearfix'>\r\n\r\n<div  class='flex_column av-68cbbk-9699564580ee378ccb079c73aa9eb15b av_one_full  avia-builder-el-1  el_before_av_one_fourth  avia-builder-el-first  first flex_column_div  '     ><style type=\"text\/css\" data-created_by=\"avia_inline_auto\" id=\"style-css-av-lu6u6c0r-83a9f4e2df9394aa075d9487914b5a22\">\n#top .av-special-heading.av-lu6u6c0r-83a9f4e2df9394aa075d9487914b5a22{\npadding-bottom:10px;\n}\nbody .av-special-heading.av-lu6u6c0r-83a9f4e2df9394aa075d9487914b5a22 .av-special-heading-tag .heading-char{\nfont-size:25px;\n}\n.av-special-heading.av-lu6u6c0r-83a9f4e2df9394aa075d9487914b5a22 .av-subheading{\nfont-size:15px;\n}\n<\/style>\n<div  class='av-special-heading av-lu6u6c0r-83a9f4e2df9394aa075d9487914b5a22 av-special-heading-h1 blockquote modern-quote modern-centered  avia-builder-el-2  el_before_av_hr  avia-builder-el-first '><h1 class='av-special-heading-tag '  itemprop=\"headline\"  >Cr\u00e9er un compte<\/h1><div class=\"special-heading-border\"><div class=\"special-heading-inner-border\"><\/div><\/div><\/div>\n\n<style type=\"text\/css\" data-created_by=\"avia_inline_auto\" id=\"style-css-av-lu6zloqw-a901d6e2cf7a4c3a1b3a24f720cf6f52\">\n#top .hr.hr-invisible.av-lu6zloqw-a901d6e2cf7a4c3a1b3a24f720cf6f52{\nheight:10px;\n}\n<\/style>\n<div  class='hr av-lu6zloqw-a901d6e2cf7a4c3a1b3a24f720cf6f52 hr-invisible  avia-builder-el-3  el_after_av_heading  avia-builder-el-last '><span class='hr-inner '><span class=\"hr-inner-style\"><\/span><\/span><\/div><\/div><div  class='flex_column av-8mjfd-957d524c71ca787df238b5169c8667ff av_one_fourth  avia-builder-el-4  el_after_av_one_full  el_before_av_one_half  first flex_column_div  column-top-margin'     ><\/div><div  class='flex_column av-3n5z5c-ac9156f10ba4a52beac350bcb4bf4f16 av_one_half  avia-builder-el-5  el_after_av_one_fourth  el_before_av_one_fourth  flex_column_div  column-top-margin'     ><\/div><div  class='flex_column av-2kd5nk-7e38745d95ac123e09224d3749291f85 av_one_fourth  avia-builder-el-7  el_after_av_one_half  avia-builder-el-last  flex_column_div  column-top-margin'     ><\/div><\/div><\/div><\/main><!-- close content main element --><\/div><\/div><div id='av_section_2'  class='avia-section av-6enpmp-dd1343645cc76c5b65e0e0df84dc5319 main_color avia-section-default avia-no-border-styling  avia-builder-el-8  el_after_av_section  avia-builder-el-last  av-desktop-hide av-medium-hide av-small-hide av-mini-hide avia-bg-style-scroll container_wrap sidebar_left'  ><div class='container av-section-cont-open' ><div class='template-page content  av-content-small units'><div class='post-entry post-entry-type-page post-entry-45'><div class='entry-content-wrapper clearfix'>\r\n\n<style type=\"text\/css\" data-created_by=\"avia_inline_auto\" id=\"style-css-av-fo335-b50e103271f4b2ac8e3f720dd5503b0a\">\n.flex_column.av-fo335-b50e103271f4b2ac8e3f720dd5503b0a{\nborder-radius:20px 20px 20px 20px;\npadding:50px 50px 30px 50px;\nbackground-color:#00042a;\n}\n\n@media only screen and (max-width: 479px){ \n.flex_column.av-fo335-b50e103271f4b2ac8e3f720dd5503b0a{\npadding:15px 15px 0 15px;\n}\n}\n<\/style>\n<div  class='flex_column av-fo335-b50e103271f4b2ac8e3f720dd5503b0a av_one_full  avia-builder-el-9  avia-builder-el-no-sibling  first flex_column_div  '     ><style type=\"text\/css\" data-created_by=\"avia_inline_auto\" id=\"style-css-av-bi5y1i-e611bc79f1596e2ec76fa60687030df6\">\n#top .av_textblock_section.av-bi5y1i-e611bc79f1596e2ec76fa60687030df6 .avia_textblock{\ncolor:#ffffff;\n}\n\n@media only screen and (min-width: 990px){ \n#top .av_textblock_section.av-bi5y1i-e611bc79f1596e2ec76fa60687030df6 .avia_textblock{\nfont-size:28px;\n}\n}\n\n@media only screen and (min-width: 768px) and (max-width: 989px){ \n#top .av_textblock_section.av-bi5y1i-e611bc79f1596e2ec76fa60687030df6 .avia_textblock{\nfont-size:17px;\n}\n}\n\n@media only screen and (min-width: 480px) and (max-width: 767px){ \n#top .av_textblock_section.av-bi5y1i-e611bc79f1596e2ec76fa60687030df6 .avia_textblock{\nfont-size:17px;\n}\n}\n\n@media only screen and (max-width: 479px){ \n#top .av_textblock_section.av-bi5y1i-e611bc79f1596e2ec76fa60687030df6 .avia_textblock{\nfont-size:17px;\n}\n}\n<\/style>\n<section  class='av_textblock_section av-bi5y1i-e611bc79f1596e2ec76fa60687030df6 '   itemscope=\"itemscope\" itemtype=\"https:\/\/schema.org\/CreativeWork\" ><div class='avia_textblock av_inherit_color'  itemprop=\"text\" ><p style=\"text-align: left;\"><strong>R\u00e9servez votre d\u00e9mo d\u00e8s maintenant !<\/strong><\/p>\n<\/div><\/section>\n\n<style type=\"text\/css\" data-created_by=\"avia_inline_auto\" id=\"style-css-av-33aq9t-e6f854fa8f5098eb0e7f2372019841e9\">\n#top .av_textblock_section.av-33aq9t-e6f854fa8f5098eb0e7f2372019841e9 .avia_textblock{\ncolor:#ffffff;\n}\n\n@media only screen and (min-width: 990px){ \n#top .av_textblock_section.av-33aq9t-e6f854fa8f5098eb0e7f2372019841e9 .avia_textblock{\nfont-size:17px;\n}\n}\n<\/style>\n<section  class='av_textblock_section av-33aq9t-e6f854fa8f5098eb0e7f2372019841e9 '   itemscope=\"itemscope\" itemtype=\"https:\/\/schema.org\/CreativeWork\" ><div class='avia_textblock av_inherit_color'  itemprop=\"text\" ><p>D\u00e9couvrez l\u2019univers de Certinergie Immo et les fonctionnalit\u00e9s qui vont booster votre croissance.<\/p>\n<p>\ud83c\udfaf Un de nos experts comprends vos challenges et vos besoins<br \/>\n\ud83c\udf7f Demo 100% adapt\u00e9e \u00e0 votre entreprise<br \/>\n\ud83e\udd1d Accompagnement total pour la prise en main<\/p>\n<div class=\"avia-button-wrap avia-button-left el_after_av_textblock avia-builder-el-last \"><a class=\"avia-button avia-icon_select-no avia-size-small avia-position-left avia-color-theme-color-highlight\" style=\"text-decoration: none;\" href=\"https:\/\/www.certinergie.be\/immo\/fr\/certinergie-immo-reserver-une-demo\/\" rel=\"noopener noreferrer\"><span class=\"avia_iconbox_title\">R\u00e9servez une d\u00e9mo <\/span><\/a><\/div>\n<p><img loading=\"lazy\" decoding=\"async\" class=\"alignright size-full wp-image-8003 photo-absolute-right\" src=\"https:\/\/www.certinergie.be\/wp-content\/uploads\/2024\/03\/adrien-2.png\" alt=\"R\u00e9servez votre d\u00e9mo d\u00e8s maintenant ! \" width=\"433\" height=\"520\" \/><\/p>\n<\/div><\/section><\/div>\r\n<\/div><\/div><\/div><!-- close content main div --><\/div><\/div><div id='after_section_2'  class='main_color av_default_container_wrap container_wrap sidebar_left'  ><div class='container av-section-cont-open' ><div class='template-page content  av-content-small units'><div class='post-entry post-entry-type-page post-entry-45'><div class='entry-content-wrapper clearfix'>","protected":false},"excerpt":{"rendered":"","protected":false},"author":1,"featured_media":4023,"parent":0,"menu_order":0,"comment_status":"closed","ping_status":"closed","template":"","meta":{"inline_featured_image":false,"footnotes":""},"class_list":["post-45","page","type-page","status-publish","has-post-thumbnail","hentry"],"yoast_head":"<!-- This site is optimized with the Yoast SEO plugin v27.3 - https:\/\/yoast.com\/product\/yoast-seo-wordpress\/ -->\n<title>Certinergie.immo : Cr\u00e9er un compte<\/title>\n<meta name=\"description\" content=\"Certinergie.immo devient LA solution tout-en-un pour les pros de l\u2019immo : encodage de biens, marketing immobilier, organisation des visites\" \/>\n<meta name=\"robots\" content=\"index, follow, max-snippet:-1, max-image-preview:large, max-video-preview:-1\" \/>\n<link rel=\"canonical\" href=\"https:\/\/www.certinergie.be\/immo\/fr\/certinergie-immo-creer-un-compte\/\" \/>\n<meta property=\"og:locale\" content=\"fr_FR\" \/>\n<meta property=\"og:type\" content=\"article\" \/>\n<meta property=\"og:title\" content=\"Certinergie.immo : Cr\u00e9er un compte\" \/>\n<meta property=\"og:description\" content=\"Certinergie.immo devient LA solution tout-en-un pour les pros de l\u2019immo : encodage de biens, marketing immobilier, organisation des visites\" \/>\n<meta property=\"og:url\" content=\"https:\/\/www.certinergie.be\/immo\/fr\/certinergie-immo-creer-un-compte\/\" \/>\n<meta property=\"og:site_name\" content=\"Certinergie - Immobilier\" \/>\n<meta property=\"article:publisher\" content=\"https:\/\/www.facebook.com\/certinergie.immo\" \/>\n<meta property=\"article:modified_time\" content=\"2025-05-16T07:40:40+00:00\" \/>\n<meta property=\"og:image\" content=\"https:\/\/www.certinergie.be\/immo\/wp-content\/uploads\/sites\/2\/2024\/05\/marques_header_immo.jpg\" \/>\n\t<meta property=\"og:image:width\" content=\"845\" \/>\n\t<meta property=\"og:image:height\" content=\"245\" \/>\n\t<meta property=\"og:image:type\" content=\"image\/jpeg\" \/>\n<meta name=\"twitter:card\" content=\"summary_large_image\" \/>\n<meta name=\"twitter:label1\" content=\"Dur\u00e9e de lecture estim\u00e9e\" \/>\n\t<meta name=\"twitter:data1\" content=\"1 minute\" \/>\n<script type=\"application\/ld+json\" class=\"yoast-schema-graph\">{\"@context\":\"https:\\\/\\\/schema.org\",\"@graph\":[{\"@type\":\"WebPage\",\"@id\":\"https:\\\/\\\/www.certinergie.be\\\/immo\\\/fr\\\/certinergie-immo-creer-un-compte\\\/\",\"url\":\"https:\\\/\\\/www.certinergie.be\\\/immo\\\/fr\\\/certinergie-immo-creer-un-compte\\\/\",\"name\":\"Certinergie.immo : Cr\u00e9er un compte\",\"isPartOf\":{\"@id\":\"https:\\\/\\\/www.certinergie.be\\\/immo\\\/#website\"},\"primaryImageOfPage\":{\"@id\":\"https:\\\/\\\/www.certinergie.be\\\/immo\\\/fr\\\/certinergie-immo-creer-un-compte\\\/#primaryimage\"},\"image\":{\"@id\":\"https:\\\/\\\/www.certinergie.be\\\/immo\\\/fr\\\/certinergie-immo-creer-un-compte\\\/#primaryimage\"},\"thumbnailUrl\":\"\",\"datePublished\":\"2024-03-25T10:42:45+00:00\",\"dateModified\":\"2025-05-16T07:40:40+00:00\",\"description\":\"Certinergie.immo devient LA solution tout-en-un pour les pros de l\u2019immo : encodage de biens, marketing immobilier, organisation des visites\",\"breadcrumb\":{\"@id\":\"https:\\\/\\\/www.certinergie.be\\\/immo\\\/fr\\\/certinergie-immo-creer-un-compte\\\/#breadcrumb\"},\"inLanguage\":\"fr-FR\",\"potentialAction\":[{\"@type\":\"ReadAction\",\"target\":[\"https:\\\/\\\/www.certinergie.be\\\/immo\\\/fr\\\/certinergie-immo-creer-un-compte\\\/\"]}]},{\"@type\":\"ImageObject\",\"inLanguage\":\"fr-FR\",\"@id\":\"https:\\\/\\\/www.certinergie.be\\\/immo\\\/fr\\\/certinergie-immo-creer-un-compte\\\/#primaryimage\",\"url\":\"\",\"contentUrl\":\"\"},{\"@type\":\"BreadcrumbList\",\"@id\":\"https:\\\/\\\/www.certinergie.be\\\/immo\\\/fr\\\/certinergie-immo-creer-un-compte\\\/#breadcrumb\",\"itemListElement\":[{\"@type\":\"ListItem\",\"position\":1,\"name\":\"Accueil\",\"item\":\"https:\\\/\\\/www.certinergie.be\\\/immo\\\/fr\\\/\"},{\"@type\":\"ListItem\",\"position\":2,\"name\":\"Certinergie Pro Immo : Cr\u00e9er un compte\"}]},{\"@type\":\"WebSite\",\"@id\":\"https:\\\/\\\/www.certinergie.be\\\/immo\\\/#website\",\"url\":\"https:\\\/\\\/www.certinergie.be\\\/immo\\\/\",\"name\":\"Certinergie - Immobilier\",\"description\":\"Une toute nouvelle offre de services d\u00e9di\u00e9e aux professionnels de l\u2019immobilier. Vision, offre, approche \u2026 D\u00e9couvrez maintenant l\u2019\u00e9tendue de nos nouveaux services.\",\"publisher\":{\"@id\":\"https:\\\/\\\/www.certinergie.be\\\/immo\\\/#organization\"},\"potentialAction\":[{\"@type\":\"SearchAction\",\"target\":{\"@type\":\"EntryPoint\",\"urlTemplate\":\"https:\\\/\\\/www.certinergie.be\\\/immo\\\/?s={search_term_string}\"},\"query-input\":{\"@type\":\"PropertyValueSpecification\",\"valueRequired\":true,\"valueName\":\"search_term_string\"}}],\"inLanguage\":\"fr-FR\"},{\"@type\":\"Organization\",\"@id\":\"https:\\\/\\\/www.certinergie.be\\\/immo\\\/#organization\",\"name\":\"Certinergie Immo\",\"url\":\"https:\\\/\\\/www.certinergie.be\\\/immo\\\/\",\"logo\":{\"@type\":\"ImageObject\",\"inLanguage\":\"fr-FR\",\"@id\":\"https:\\\/\\\/www.certinergie.be\\\/immo\\\/#\\\/schema\\\/logo\\\/image\\\/\",\"url\":\"https:\\\/\\\/www.certinergie.be\\\/immo\\\/wp-content\\\/uploads\\\/sites\\\/2\\\/2024\\\/05\\\/certinergie-Immo.svg\",\"contentUrl\":\"https:\\\/\\\/www.certinergie.be\\\/immo\\\/wp-content\\\/uploads\\\/sites\\\/2\\\/2024\\\/05\\\/certinergie-Immo.svg\",\"width\":\"1030\",\"height\":\"1030\",\"caption\":\"Certinergie Immo\"},\"image\":{\"@id\":\"https:\\\/\\\/www.certinergie.be\\\/immo\\\/#\\\/schema\\\/logo\\\/image\\\/\"},\"sameAs\":[\"https:\\\/\\\/www.facebook.com\\\/certinergie.immo\",\"https:\\\/\\\/www.linkedin.com\\\/company\\\/certinergie-immo\",\"https:\\\/\\\/www.instagram.com\\\/certinergie.immo\\\/\"]}]}<\/script>\n<!-- \/ Yoast SEO plugin. -->","yoast_head_json":{"title":"Certinergie.immo : Cr\u00e9er un compte","description":"Certinergie.immo devient LA solution tout-en-un pour les pros de l\u2019immo : encodage de biens, marketing immobilier, organisation des visites","robots":{"index":"index","follow":"follow","max-snippet":"max-snippet:-1","max-image-preview":"max-image-preview:large","max-video-preview":"max-video-preview:-1"},"canonical":"https:\/\/www.certinergie.be\/immo\/fr\/certinergie-immo-creer-un-compte\/","og_locale":"fr_FR","og_type":"article","og_title":"Certinergie.immo : Cr\u00e9er un compte","og_description":"Certinergie.immo devient LA solution tout-en-un pour les pros de l\u2019immo : encodage de biens, marketing immobilier, organisation des visites","og_url":"https:\/\/www.certinergie.be\/immo\/fr\/certinergie-immo-creer-un-compte\/","og_site_name":"Certinergie - Immobilier","article_publisher":"https:\/\/www.facebook.com\/certinergie.immo","article_modified_time":"2025-05-16T07:40:40+00:00","og_image":[{"width":845,"height":245,"url":"https:\/\/www.certinergie.be\/immo\/wp-content\/uploads\/sites\/2\/2024\/05\/marques_header_immo.jpg","type":"image\/jpeg"}],"twitter_card":"summary_large_image","twitter_misc":{"Dur\u00e9e de lecture estim\u00e9e":"1 minute"},"schema":{"@context":"https:\/\/schema.org","@graph":[{"@type":"WebPage","@id":"https:\/\/www.certinergie.be\/immo\/fr\/certinergie-immo-creer-un-compte\/","url":"https:\/\/www.certinergie.be\/immo\/fr\/certinergie-immo-creer-un-compte\/","name":"Certinergie.immo : Cr\u00e9er un compte","isPartOf":{"@id":"https:\/\/www.certinergie.be\/immo\/#website"},"primaryImageOfPage":{"@id":"https:\/\/www.certinergie.be\/immo\/fr\/certinergie-immo-creer-un-compte\/#primaryimage"},"image":{"@id":"https:\/\/www.certinergie.be\/immo\/fr\/certinergie-immo-creer-un-compte\/#primaryimage"},"thumbnailUrl":"","datePublished":"2024-03-25T10:42:45+00:00","dateModified":"2025-05-16T07:40:40+00:00","description":"Certinergie.immo devient LA solution tout-en-un pour les pros de l\u2019immo : encodage de biens, marketing immobilier, organisation des visites","breadcrumb":{"@id":"https:\/\/www.certinergie.be\/immo\/fr\/certinergie-immo-creer-un-compte\/#breadcrumb"},"inLanguage":"fr-FR","potentialAction":[{"@type":"ReadAction","target":["https:\/\/www.certinergie.be\/immo\/fr\/certinergie-immo-creer-un-compte\/"]}]},{"@type":"ImageObject","inLanguage":"fr-FR","@id":"https:\/\/www.certinergie.be\/immo\/fr\/certinergie-immo-creer-un-compte\/#primaryimage","url":"","contentUrl":""},{"@type":"BreadcrumbList","@id":"https:\/\/www.certinergie.be\/immo\/fr\/certinergie-immo-creer-un-compte\/#breadcrumb","itemListElement":[{"@type":"ListItem","position":1,"name":"Accueil","item":"https:\/\/www.certinergie.be\/immo\/fr\/"},{"@type":"ListItem","position":2,"name":"Certinergie Pro Immo : Cr\u00e9er un compte"}]},{"@type":"WebSite","@id":"https:\/\/www.certinergie.be\/immo\/#website","url":"https:\/\/www.certinergie.be\/immo\/","name":"Certinergie - Immobilier","description":"Une toute nouvelle offre de services d\u00e9di\u00e9e aux professionnels de l\u2019immobilier. Vision, offre, approche \u2026 D\u00e9couvrez maintenant l\u2019\u00e9tendue de nos nouveaux services.","publisher":{"@id":"https:\/\/www.certinergie.be\/immo\/#organization"},"potentialAction":[{"@type":"SearchAction","target":{"@type":"EntryPoint","urlTemplate":"https:\/\/www.certinergie.be\/immo\/?s={search_term_string}"},"query-input":{"@type":"PropertyValueSpecification","valueRequired":true,"valueName":"search_term_string"}}],"inLanguage":"fr-FR"},{"@type":"Organization","@id":"https:\/\/www.certinergie.be\/immo\/#organization","name":"Certinergie Immo","url":"https:\/\/www.certinergie.be\/immo\/","logo":{"@type":"ImageObject","inLanguage":"fr-FR","@id":"https:\/\/www.certinergie.be\/immo\/#\/schema\/logo\/image\/","url":"https:\/\/www.certinergie.be\/immo\/wp-content\/uploads\/sites\/2\/2024\/05\/certinergie-Immo.svg","contentUrl":"https:\/\/www.certinergie.be\/immo\/wp-content\/uploads\/sites\/2\/2024\/05\/certinergie-Immo.svg","width":"1030","height":"1030","caption":"Certinergie Immo"},"image":{"@id":"https:\/\/www.certinergie.be\/immo\/#\/schema\/logo\/image\/"},"sameAs":["https:\/\/www.facebook.com\/certinergie.immo","https:\/\/www.linkedin.com\/company\/certinergie-immo","https:\/\/www.instagram.com\/certinergie.immo\/"]}]}},"_links":{"self":[{"href":"https:\/\/www.certinergie.be\/immo\/wp-json\/wp\/v2\/pages\/45","targetHints":{"allow":["GET"]}}],"collection":[{"href":"https:\/\/www.certinergie.be\/immo\/wp-json\/wp\/v2\/pages"}],"about":[{"href":"https:\/\/www.certinergie.be\/immo\/wp-json\/wp\/v2\/types\/page"}],"author":[{"embeddable":true,"href":"https:\/\/www.certinergie.be\/immo\/wp-json\/wp\/v2\/users\/1"}],"replies":[{"embeddable":true,"href":"https:\/\/www.certinergie.be\/immo\/wp-json\/wp\/v2\/comments?post=45"}],"version-history":[{"count":5,"href":"https:\/\/www.certinergie.be\/immo\/wp-json\/wp\/v2\/pages\/45\/revisions"}],"predecessor-version":[{"id":2793,"href":"https:\/\/www.certinergie.be\/immo\/wp-json\/wp\/v2\/pages\/45\/revisions\/2793"}],"wp:featuredmedia":[{"embeddable":true,"href":"https:\/\/www.certinergie.be\/immo\/wp-json\/"}],"wp:attachment":[{"href":"https:\/\/www.certinergie.be\/immo\/wp-json\/wp\/v2\/media?parent=45"}],"curies":[{"name":"wp","href":"https:\/\/api.w.org\/{rel}","templated":true}]}}