{"id":3238,"date":"2023-05-25T17:19:22","date_gmt":"2023-05-25T15:19:22","guid":{"rendered":"https:\/\/www.be-check.be\/?page_id=3238"},"modified":"2023-05-25T17:19:22","modified_gmt":"2023-05-25T15:19:22","slug":"renovation","status":"publish","type":"page","link":"https:\/\/www.certinergie.be\/pro\/installateur\/renovation\/","title":{"rendered":"Renovation, Construction, Chantier"},"content":{"rendered":"<div id='sticky-section-order'  class='avia-section av-av_section-963e4e6e9d12f8891d1c63d9d76da766 main_color avia-section-no-padding avia-no-border-styling  avia-builder-el-0  el_before_av_section  avia-builder-el-first  avia-bg-style-scroll container_wrap sidebar_right'  ><div class='container av-section-cont-open' ><main  role=\"main\" itemprop=\"mainContentOfPage\"  class='template-page content  av-content-small alpha units'><div class='post-entry post-entry-type-page post-entry-3238'><div class='entry-content-wrapper clearfix'>\n<div class='flex_column_table av-av_four_fifth-b2ec7ee6c6c5213970aedb1890b3052a sc-av_four_fifth av-equal-height-column-flextable'>\n<style type=\"text\/css\" data-created_by=\"avia_inline_auto\" id=\"style-css-av-av_four_fifth-b2ec7ee6c6c5213970aedb1890b3052a\">\n.flex_column.av-av_four_fifth-b2ec7ee6c6c5213970aedb1890b3052a{\npadding:0 0 0 0;\n}\n<\/style>\n<div  class='flex_column av-av_four_fifth-b2ec7ee6c6c5213970aedb1890b3052a av_four_fifth  avia-builder-el-1  el_before_av_one_fifth  avia-builder-el-first  first no_margin flex_column_table_cell av-equal-height-column av-align-middle av-zero-column-padding  '     ><section  class='av_textblock_section av-av_textblock-7a1af7d8f9790576b1769c0a9f0449ed '   itemscope=\"itemscope\" itemtype=\"https:\/\/schema.org\/CreativeWork\" ><div class='avia_textblock'  itemprop=\"text\" ><p><a class=\"custom_label installateur\" href=\"\/pro\/entreprise\/\">Installateur<\/a> Garantissez la fiabilit\u00e9 et la qualit\u00e9 de vos installations avec nos inspections.<\/p>\n<\/div><\/section><\/div><div  class='flex_column av-av_one_fifth-f1c518e9ff58e869f80c8f093487abc9 av_one_fifth  avia-builder-el-3  el_after_av_four_fifth  avia-builder-el-last  no_margin flex_column_table_cell av-equal-height-column av-align-middle  '     ><div  class='avia-button-wrap av-av_button-0abfc0d397d108d71eb45479f43bebb6-wrap avia-button-right  avia-builder-el-4  avia-builder-el-no-sibling  light_round_btn'><a href='https:\/\/order.be-check.be\/'  class='avia-button av-av_button-0abfc0d397d108d71eb45479f43bebb6 av-link-btn avia-icon_select-no avia-size-small avia-position-right avia-color-dark'  target=\"_blank\"  rel=\"noopener noreferrer\"  aria-label=\"Commandez vos contr\u00f4les\"><span class='avia_iconbox_title' >Commandez vos contr\u00f4les<\/span><\/a><\/div><\/div><\/div><!--close column table wrapper. Autoclose: 1 -->\n\n<\/div><\/div><\/main><!-- close content main element --><\/div><\/div>\n<style type=\"text\/css\" data-created_by=\"avia_inline_auto\" id=\"style-css-av-lrkn8rac-e85940b649065532c60a5333af82d347\">\n.avia-section.av-lrkn8rac-e85940b649065532c60a5333af82d347{\nbackground-repeat:no-repeat;\nbackground-image:url(https:\/\/www.certinergie.be\/pro\/wp-content\/uploads\/sites\/3\/2023\/05\/becheck-construction.jpg);\nbackground-position:50% 50%;\nbackground-attachment:scroll;\n}\n.avia-section.av-lrkn8rac-e85940b649065532c60a5333af82d347 .av-section-color-overlay{\nopacity:0.8;\nbackground-color:#272d66;\n}\n<\/style>\n<div id='sticky_preceding_height'  class='avia-section av-lrkn8rac-e85940b649065532c60a5333af82d347 main_color avia-section-huge avia-no-border-styling  avia-builder-el-5  el_after_av_section  el_before_av_one_full  avia-full-stretch avia-bg-style-scroll av-section-color-overlay-active container_wrap sidebar_right'  data-section-bg-repeat='stretch'><div class=\"av-section-color-overlay-wrap\"><div class=\"av-section-color-overlay\"><\/div><div class='container av-section-cont-open' ><div class='template-page content  av-content-small alpha units'><div class='post-entry post-entry-type-page post-entry-3238'><div class='entry-content-wrapper clearfix'>\n<div  class='flex_column av-av_three_fourth-7714eba142aeda1f8b5272a3c372b279 av_three_fourth  avia-builder-el-6  el_before_av_one_fourth  avia-builder-el-first  first flex_column_div  '     ><p>\n<style type=\"text\/css\" data-created_by=\"avia_inline_auto\" id=\"style-css-av-av_hr-3a876428eececa9d35452247ddb053af\">\n#top .hr.hr-invisible.av-av_hr-3a876428eececa9d35452247ddb053af{\nheight:50px;\n}\n<\/style>\n<div  class='hr av-av_hr-3a876428eececa9d35452247ddb053af hr-invisible  avia-builder-el-7  el_before_av_heading  avia-builder-el-first '><span class='hr-inner '><span class=\"hr-inner-style\"><\/span><\/span><\/div><br \/>\n\n<style type=\"text\/css\" data-created_by=\"avia_inline_auto\" id=\"style-css-av-lrkn7aip-5f6b7b11895a24b57a9927f657541852\">\n#top .av-special-heading.av-lrkn7aip-5f6b7b11895a24b57a9927f657541852{\nmargin:20px 0 0 0;\npadding-bottom:0;\ncolor:#ffffff;\n}\nbody .av-special-heading.av-lrkn7aip-5f6b7b11895a24b57a9927f657541852 .av-special-heading-tag .heading-char{\nfont-size:25px;\n}\n#top #wrap_all .av-special-heading.av-lrkn7aip-5f6b7b11895a24b57a9927f657541852 .av-special-heading-tag{\npadding:0 0 0 0;\n}\n.av-special-heading.av-lrkn7aip-5f6b7b11895a24b57a9927f657541852 .special-heading-inner-border{\nborder-color:#ffffff;\n}\n.av-special-heading.av-lrkn7aip-5f6b7b11895a24b57a9927f657541852 .av-subheading{\nfont-size:15px;\n}\n<\/style>\n<div  class='av-special-heading av-lrkn7aip-5f6b7b11895a24b57a9927f657541852 av-special-heading-h1 custom-color-heading blockquote modern-quote  avia-builder-el-8  el_after_av_hr  el_before_av_textblock '><h1 class='av-special-heading-tag '  itemprop=\"headline\"  >Contr\u00f4les pour R\u00e9novations, Constructions et Chantiers<\/h1><div class=\"special-heading-border\"><div class=\"special-heading-inner-border\"><\/div><\/div><\/div><br \/>\n<section  class='av_textblock_section av-jo3bom-cd90461088ef482191357e9cac975e70 '   itemscope=\"itemscope\" itemtype=\"https:\/\/schema.org\/CreativeWork\" ><div class='avia_textblock'  itemprop=\"text\" ><p>Chers installateurs, que vous soyez en pleine r\u00e9novation, en construction neuve ou sur un chantier, la s\u00e9curit\u00e9 et la conformit\u00e9 de vos installations \u00e9lectriques et de gaz sont d&rsquo;une importance capitale. Chez Certinergie, en tant qu&rsquo;organisme de contr\u00f4le, nous sommes d\u00e9termin\u00e9s \u00e0 vous offrir des services de contr\u00f4le de qualit\u00e9 pour garantir la conformit\u00e9 de vos installations aux normes en vigueur.<\/p>\n<\/div><\/section><\/p><\/div><div  class='flex_column av-av_one_fourth-f1c518e9ff58e869f80c8f093487abc9 av_one_fourth  avia-builder-el-10  el_after_av_three_fourth  avia-builder-el-last  flex_column_div  '     ><\/div><\/div><\/div><\/div><!-- close content main div --><\/div><\/div><\/div><div id='after_section_2'  class='main_color av_default_container_wrap container_wrap sidebar_right'  ><div class='container av-section-cont-open' ><div class='template-page content  av-content-small alpha units'><div class='post-entry post-entry-type-page post-entry-3238'><div class='entry-content-wrapper clearfix'>\n<style type=\"text\/css\" data-created_by=\"avia_inline_auto\" id=\"style-css-av-av_one_full-af30d04c260c9529b283bf644060ca6a\">\n.flex_column.av-av_one_full-af30d04c260c9529b283bf644060ca6a{\nwidth:100%;\nborder-radius:0px 0px 0px 0px;\npadding:0 0 0 0;\n}\n<\/style>\n<div  class='flex_column av-av_one_full-af30d04c260c9529b283bf644060ca6a av_one_full  avia-builder-el-11  el_after_av_section  el_before_av_one_full  avia-builder-el-first  first flex_column_div av-animated-generic bottom-to-top av-zero-column-padding  '     ><p>\n<style type=\"text\/css\" data-created_by=\"avia_inline_auto\" id=\"style-css-av-lrkn7h9u-05624ca5bd0b64658391de0d450b8fef\">\n#top .av-special-heading.av-lrkn7h9u-05624ca5bd0b64658391de0d450b8fef{\npadding-bottom:0;\n}\nbody .av-special-heading.av-lrkn7h9u-05624ca5bd0b64658391de0d450b8fef .av-special-heading-tag .heading-char{\nfont-size:25px;\n}\n.av-special-heading.av-lrkn7h9u-05624ca5bd0b64658391de0d450b8fef .av-subheading{\nfont-size:15px;\n}\n<\/style>\n<div  class='av-special-heading av-lrkn7h9u-05624ca5bd0b64658391de0d450b8fef av-special-heading-h2 blockquote modern-quote  avia-builder-el-12  el_before_av_textblock  avia-builder-el-first '><h2 class='av-special-heading-tag '  itemprop=\"headline\"  >Notre offre de services pour les r\u00e9novations, constructions et chantiers  et vos obligations<\/h2><div class=\"special-heading-border\"><div class=\"special-heading-inner-border\"><\/div><\/div><\/div><br \/>\n<section  class='av_textblock_section av-lrkn7rea-9582ba08908ec25421a723c6b67c5912 '   itemscope=\"itemscope\" itemtype=\"https:\/\/schema.org\/CreativeWork\" ><div class='avia_textblock'  itemprop=\"text\" ><p>Chez Certinergie, nous vous assistons pour garantir la conformit\u00e9 aux r\u00e9glementations strictes, assurant ainsi la s\u00e9curit\u00e9 des installations des r\u00e9novations, constructions et chantiers.<\/p>\n<\/div><\/section><\/p><\/div>\n<style type=\"text\/css\" data-created_by=\"avia_inline_auto\" id=\"style-css-av-av_one_full-af30d04c260c9529b283bf644060ca6a\">\n.flex_column.av-av_one_full-af30d04c260c9529b283bf644060ca6a{\nwidth:100%;\nborder-radius:0px 0px 0px 0px;\npadding:0 0 0 0;\n}\n<\/style>\n<div  class='flex_column av-av_one_full-af30d04c260c9529b283bf644060ca6a av_one_full  avia-builder-el-14  el_after_av_one_full  avia-builder-el-last  first flex_column_div av-animated-generic bottom-to-top av-zero-column-padding  column-top-margin'     ><section  class='av_textblock_section av-d2fa5-30f7e2000324d4d5c40992b3698a2885 '   itemscope=\"itemscope\" itemtype=\"https:\/\/schema.org\/CreativeWork\" ><div class='avia_textblock'  itemprop=\"text\" ><h2>R\u00e9novation b\u00e2timents<\/h2>\n<p>R\u00e9nover un b\u00e2timent implique souvent l\u2019installation d\u2019une nouvel \u00e9quipement \u00e9lectrique et gaz. Un contr\u00f4le par Certinergie assure que vos nouvelles installations sont s\u00e9curis\u00e9es et conformes aux r\u00e8glements RGIE et CERGA.<\/p>\n<h2>Nouvelles Constructions<\/h2>\n<p>Pour les nouvelles constructions, le contr\u00f4le des installations \u00e9lectriques et de gaz est crucial. Les non-conformit\u00e9s peuvent entra\u00eener des retards co\u00fbteux. Certinergie offre des services d&rsquo;inspection d\u00e9taill\u00e9s et pr\u00e9cis pour \u00e9viter tout probl\u00e8me potentiel.<\/p>\n<h2>Chantiers<\/h2>\n<p>Sur un chantier, la s\u00e9curit\u00e9 est la priorit\u00e9 absolue. Des installations \u00e9lectriques et de gaz non conformes peuvent constituer un risque s\u00e9rieux. Nos techniciens agr\u00e9\u00e9s effectuent des inspections approfondies pour assurer la s\u00e9curit\u00e9 de votre site.<\/p>\n<h2>Comment se pr\u00e9parer pour un contr\u00f4le ?<\/h2>\n<p>Avant notre visite, vous devrez pr\u00e9parer les sch\u00e9mas unifilaires et de position de votre installation \u00e9lectrique ou de gaz, en trois exemplaires et sign\u00e9s par l&rsquo;installateur. Assurez-vous \u00e9galement que l&rsquo;acc\u00e8s \u00e0 votre installation est d\u00e9gag\u00e9 et s\u00e9curis\u00e9.<\/p>\n<p><a href=\"https:\/\/order.be-check.be\/\" target=\"_blank\" rel=\"noopener\">Planifiez votre contr\u00f4le avec Certinergie d\u00e8s aujourd&rsquo;hui<\/a><\/p>\n<p>N&rsquo;attendez pas, assurez la conformit\u00e9 et la s\u00e9curit\u00e9 de vos installations \u00e9lectriques et de gaz. Contactez-nous d\u00e8s maintenant pour planifier votre contr\u00f4le. Votre s\u00e9curit\u00e9 est notre priorit\u00e9.<\/p>\n<\/div><\/section><\/div><\/p>\n","protected":false},"excerpt":{"rendered":"","protected":false},"author":1,"featured_media":441,"parent":2795,"menu_order":0,"comment_status":"closed","ping_status":"closed","template":"","meta":{"inline_featured_image":false,"footnotes":""},"class_list":["post-3238","page","type-page","status-publish","has-post-thumbnail","hentry"],"yoast_head":"<!-- This site is optimized with the Yoast SEO plugin v27.4 - https:\/\/yoast.com\/product\/yoast-seo-wordpress\/ -->\n<title>Services de contr\u00f4le pour chantier de r\u00e9novation et construction - Certinergie - Entreprises et secteur public<\/title>\n<meta name=\"description\" content=\"Certinergie est un organisme de contr\u00f4le en Belgique, sp\u00e9cialis\u00e9 dans les inspections et les contr\u00f4les pour chantier de r\u00e9novation et construction.\" \/>\n<meta name=\"robots\" content=\"index, follow, max-snippet:-1, max-image-preview:large, max-video-preview:-1\" \/>\n<link rel=\"canonical\" href=\"https:\/\/www.certinergie.be\/pro\/installateur\/renovation\/\" \/>\n<meta property=\"og:locale\" content=\"fr_FR\" \/>\n<meta property=\"og:type\" content=\"article\" \/>\n<meta property=\"og:title\" content=\"Services de contr\u00f4le pour chantier de r\u00e9novation et construction - Certinergie - Entreprises et secteur public\" \/>\n<meta property=\"og:description\" content=\"Certinergie est un organisme de contr\u00f4le en Belgique, sp\u00e9cialis\u00e9 dans les inspections et les contr\u00f4les pour chantier de r\u00e9novation et construction.\" \/>\n<meta property=\"og:url\" content=\"https:\/\/www.certinergie.be\/pro\/installateur\/renovation\/\" \/>\n<meta property=\"og:site_name\" content=\"Certinergie - Entreprises et secteur public\" \/>\n<meta property=\"og:image\" content=\"https:\/\/www.certinergie.be\/pro\/wp-content\/uploads\/sites\/3\/2020\/10\/chantier.jpg\" \/>\n\t<meta property=\"og:image:width\" content=\"1000\" \/>\n\t<meta property=\"og:image:height\" content=\"380\" \/>\n\t<meta property=\"og:image:type\" content=\"image\/jpeg\" \/>\n<meta name=\"twitter:card\" content=\"summary_large_image\" \/>\n<meta name=\"twitter:label1\" content=\"Dur\u00e9e de lecture estim\u00e9e\" \/>\n\t<meta name=\"twitter:data1\" content=\"3 minutes\" \/>\n<script type=\"application\/ld+json\" class=\"yoast-schema-graph\">{\"@context\":\"https:\\\/\\\/schema.org\",\"@graph\":[{\"@type\":\"WebPage\",\"@id\":\"https:\\\/\\\/www.certinergie.be\\\/pro\\\/installateur\\\/renovation\\\/\",\"url\":\"https:\\\/\\\/www.certinergie.be\\\/pro\\\/installateur\\\/renovation\\\/\",\"name\":\"Services de contr\u00f4le pour chantier de r\u00e9novation et construction - Certinergie - Entreprises et secteur public\",\"isPartOf\":{\"@id\":\"https:\\\/\\\/www.certinergie.be\\\/pro\\\/#website\"},\"primaryImageOfPage\":{\"@id\":\"https:\\\/\\\/www.certinergie.be\\\/pro\\\/installateur\\\/renovation\\\/#primaryimage\"},\"image\":{\"@id\":\"https:\\\/\\\/www.certinergie.be\\\/pro\\\/installateur\\\/renovation\\\/#primaryimage\"},\"thumbnailUrl\":\"https:\\\/\\\/www.certinergie.be\\\/pro\\\/wp-content\\\/uploads\\\/sites\\\/3\\\/2020\\\/10\\\/chantier.jpg\",\"datePublished\":\"2023-05-25T15:19:22+00:00\",\"description\":\"Certinergie est un organisme de contr\u00f4le en Belgique, sp\u00e9cialis\u00e9 dans les inspections et les contr\u00f4les pour chantier de r\u00e9novation et construction.\",\"breadcrumb\":{\"@id\":\"https:\\\/\\\/www.certinergie.be\\\/pro\\\/installateur\\\/renovation\\\/#breadcrumb\"},\"inLanguage\":\"fr-FR\",\"potentialAction\":[{\"@type\":\"ReadAction\",\"target\":[\"https:\\\/\\\/www.certinergie.be\\\/pro\\\/installateur\\\/renovation\\\/\"]}]},{\"@type\":\"ImageObject\",\"inLanguage\":\"fr-FR\",\"@id\":\"https:\\\/\\\/www.certinergie.be\\\/pro\\\/installateur\\\/renovation\\\/#primaryimage\",\"url\":\"https:\\\/\\\/www.certinergie.be\\\/pro\\\/wp-content\\\/uploads\\\/sites\\\/3\\\/2020\\\/10\\\/chantier.jpg\",\"contentUrl\":\"https:\\\/\\\/www.certinergie.be\\\/pro\\\/wp-content\\\/uploads\\\/sites\\\/3\\\/2020\\\/10\\\/chantier.jpg\",\"width\":1000,\"height\":380,\"caption\":\"beCheck - Contr\u00f4le \u00e9lectrique et gaz au meilleurs prix\"},{\"@type\":\"BreadcrumbList\",\"@id\":\"https:\\\/\\\/www.certinergie.be\\\/pro\\\/installateur\\\/renovation\\\/#breadcrumb\",\"itemListElement\":[{\"@type\":\"ListItem\",\"position\":1,\"name\":\"Accueil\",\"item\":\"https:\\\/\\\/www.certinergie.be\\\/pro\\\/home\\\/\"},{\"@type\":\"ListItem\",\"position\":2,\"name\":\"Installateur\",\"item\":\"https:\\\/\\\/www.certinergie.be\\\/pro\\\/installateur\\\/\"},{\"@type\":\"ListItem\",\"position\":3,\"name\":\"Renovation, Construction, Chantier\"}]},{\"@type\":\"WebSite\",\"@id\":\"https:\\\/\\\/www.certinergie.be\\\/pro\\\/#website\",\"url\":\"https:\\\/\\\/www.certinergie.be\\\/pro\\\/\",\"name\":\"Certinergie - Entreprises et secteur public\",\"description\":\"\",\"publisher\":{\"@id\":\"https:\\\/\\\/www.certinergie.be\\\/pro\\\/#organization\"},\"potentialAction\":[{\"@type\":\"SearchAction\",\"target\":{\"@type\":\"EntryPoint\",\"urlTemplate\":\"https:\\\/\\\/www.certinergie.be\\\/pro\\\/?s={search_term_string}\"},\"query-input\":{\"@type\":\"PropertyValueSpecification\",\"valueRequired\":true,\"valueName\":\"search_term_string\"}}],\"inLanguage\":\"fr-FR\"},{\"@type\":\"Organization\",\"@id\":\"https:\\\/\\\/www.certinergie.be\\\/pro\\\/#organization\",\"name\":\"Certinergie - Entreprises et secteur public\",\"url\":\"https:\\\/\\\/www.certinergie.be\\\/pro\\\/\",\"logo\":{\"@type\":\"ImageObject\",\"inLanguage\":\"fr-FR\",\"@id\":\"https:\\\/\\\/www.certinergie.be\\\/pro\\\/#\\\/schema\\\/logo\\\/image\\\/\",\"url\":\"https:\\\/\\\/www.certinergie.be\\\/pro\\\/wp-content\\\/uploads\\\/sites\\\/3\\\/2024\\\/10\\\/certinergie-pro-1.png\",\"contentUrl\":\"https:\\\/\\\/www.certinergie.be\\\/pro\\\/wp-content\\\/uploads\\\/sites\\\/3\\\/2024\\\/10\\\/certinergie-pro-1.png\",\"width\":170,\"height\":53,\"caption\":\"Certinergie - Entreprises et secteur public\"},\"image\":{\"@id\":\"https:\\\/\\\/www.certinergie.be\\\/pro\\\/#\\\/schema\\\/logo\\\/image\\\/\"}}]}<\/script>\n<!-- \/ Yoast SEO plugin. -->","yoast_head_json":{"title":"Services de contr\u00f4le pour chantier de r\u00e9novation et construction - Certinergie - Entreprises et secteur public","description":"Certinergie est un organisme de contr\u00f4le en Belgique, sp\u00e9cialis\u00e9 dans les inspections et les contr\u00f4les pour chantier de r\u00e9novation et construction.","robots":{"index":"index","follow":"follow","max-snippet":"max-snippet:-1","max-image-preview":"max-image-preview:large","max-video-preview":"max-video-preview:-1"},"canonical":"https:\/\/www.certinergie.be\/pro\/installateur\/renovation\/","og_locale":"fr_FR","og_type":"article","og_title":"Services de contr\u00f4le pour chantier de r\u00e9novation et construction - Certinergie - Entreprises et secteur public","og_description":"Certinergie est un organisme de contr\u00f4le en Belgique, sp\u00e9cialis\u00e9 dans les inspections et les contr\u00f4les pour chantier de r\u00e9novation et construction.","og_url":"https:\/\/www.certinergie.be\/pro\/installateur\/renovation\/","og_site_name":"Certinergie - Entreprises et secteur public","og_image":[{"width":1000,"height":380,"url":"https:\/\/www.certinergie.be\/pro\/wp-content\/uploads\/sites\/3\/2020\/10\/chantier.jpg","type":"image\/jpeg"}],"twitter_card":"summary_large_image","twitter_misc":{"Dur\u00e9e de lecture estim\u00e9e":"3 minutes"},"schema":{"@context":"https:\/\/schema.org","@graph":[{"@type":"WebPage","@id":"https:\/\/www.certinergie.be\/pro\/installateur\/renovation\/","url":"https:\/\/www.certinergie.be\/pro\/installateur\/renovation\/","name":"Services de contr\u00f4le pour chantier de r\u00e9novation et construction - Certinergie - Entreprises et secteur public","isPartOf":{"@id":"https:\/\/www.certinergie.be\/pro\/#website"},"primaryImageOfPage":{"@id":"https:\/\/www.certinergie.be\/pro\/installateur\/renovation\/#primaryimage"},"image":{"@id":"https:\/\/www.certinergie.be\/pro\/installateur\/renovation\/#primaryimage"},"thumbnailUrl":"https:\/\/www.certinergie.be\/pro\/wp-content\/uploads\/sites\/3\/2020\/10\/chantier.jpg","datePublished":"2023-05-25T15:19:22+00:00","description":"Certinergie est un organisme de contr\u00f4le en Belgique, sp\u00e9cialis\u00e9 dans les inspections et les contr\u00f4les pour chantier de r\u00e9novation et construction.","breadcrumb":{"@id":"https:\/\/www.certinergie.be\/pro\/installateur\/renovation\/#breadcrumb"},"inLanguage":"fr-FR","potentialAction":[{"@type":"ReadAction","target":["https:\/\/www.certinergie.be\/pro\/installateur\/renovation\/"]}]},{"@type":"ImageObject","inLanguage":"fr-FR","@id":"https:\/\/www.certinergie.be\/pro\/installateur\/renovation\/#primaryimage","url":"https:\/\/www.certinergie.be\/pro\/wp-content\/uploads\/sites\/3\/2020\/10\/chantier.jpg","contentUrl":"https:\/\/www.certinergie.be\/pro\/wp-content\/uploads\/sites\/3\/2020\/10\/chantier.jpg","width":1000,"height":380,"caption":"beCheck - Contr\u00f4le \u00e9lectrique et gaz au meilleurs prix"},{"@type":"BreadcrumbList","@id":"https:\/\/www.certinergie.be\/pro\/installateur\/renovation\/#breadcrumb","itemListElement":[{"@type":"ListItem","position":1,"name":"Accueil","item":"https:\/\/www.certinergie.be\/pro\/home\/"},{"@type":"ListItem","position":2,"name":"Installateur","item":"https:\/\/www.certinergie.be\/pro\/installateur\/"},{"@type":"ListItem","position":3,"name":"Renovation, Construction, Chantier"}]},{"@type":"WebSite","@id":"https:\/\/www.certinergie.be\/pro\/#website","url":"https:\/\/www.certinergie.be\/pro\/","name":"Certinergie - Entreprises et secteur public","description":"","publisher":{"@id":"https:\/\/www.certinergie.be\/pro\/#organization"},"potentialAction":[{"@type":"SearchAction","target":{"@type":"EntryPoint","urlTemplate":"https:\/\/www.certinergie.be\/pro\/?s={search_term_string}"},"query-input":{"@type":"PropertyValueSpecification","valueRequired":true,"valueName":"search_term_string"}}],"inLanguage":"fr-FR"},{"@type":"Organization","@id":"https:\/\/www.certinergie.be\/pro\/#organization","name":"Certinergie - Entreprises et secteur public","url":"https:\/\/www.certinergie.be\/pro\/","logo":{"@type":"ImageObject","inLanguage":"fr-FR","@id":"https:\/\/www.certinergie.be\/pro\/#\/schema\/logo\/image\/","url":"https:\/\/www.certinergie.be\/pro\/wp-content\/uploads\/sites\/3\/2024\/10\/certinergie-pro-1.png","contentUrl":"https:\/\/www.certinergie.be\/pro\/wp-content\/uploads\/sites\/3\/2024\/10\/certinergie-pro-1.png","width":170,"height":53,"caption":"Certinergie - Entreprises et secteur public"},"image":{"@id":"https:\/\/www.certinergie.be\/pro\/#\/schema\/logo\/image\/"}}]}},"_links":{"self":[{"href":"https:\/\/www.certinergie.be\/pro\/wp-json\/wp\/v2\/pages\/3238","targetHints":{"allow":["GET"]}}],"collection":[{"href":"https:\/\/www.certinergie.be\/pro\/wp-json\/wp\/v2\/pages"}],"about":[{"href":"https:\/\/www.certinergie.be\/pro\/wp-json\/wp\/v2\/types\/page"}],"author":[{"embeddable":true,"href":"https:\/\/www.certinergie.be\/pro\/wp-json\/wp\/v2\/users\/1"}],"replies":[{"embeddable":true,"href":"https:\/\/www.certinergie.be\/pro\/wp-json\/wp\/v2\/comments?post=3238"}],"version-history":[{"count":0,"href":"https:\/\/www.certinergie.be\/pro\/wp-json\/wp\/v2\/pages\/3238\/revisions"}],"up":[{"embeddable":true,"href":"https:\/\/www.certinergie.be\/pro\/wp-json\/wp\/v2\/pages\/2795"}],"wp:featuredmedia":[{"embeddable":true,"href":"https:\/\/www.certinergie.be\/pro\/wp-json\/wp\/v2\/media\/441"}],"wp:attachment":[{"href":"https:\/\/www.certinergie.be\/pro\/wp-json\/wp\/v2\/media?parent=3238"}],"curies":[{"name":"wp","href":"https:\/\/api.w.org\/{rel}","templated":true}]}}