{"id":3249,"date":"2023-05-25T17:39:03","date_gmt":"2023-05-25T15:39:03","guid":{"rendered":"https:\/\/www.be-check.be\/?page_id=3249"},"modified":"2023-05-25T17:39:03","modified_gmt":"2023-05-25T15:39:03","slug":"photovoltaique","status":"publish","type":"page","link":"https:\/\/www.certinergie.be\/pro\/installateur\/photovoltaique\/","title":{"rendered":"Photovolta\u00efque"},"content":{"rendered":"<div id='sticky-section-order'  class='avia-section av-av_section-963e4e6e9d12f8891d1c63d9d76da766 main_color avia-section-no-padding avia-no-border-styling  avia-builder-el-0  el_before_av_section  avia-builder-el-first  avia-bg-style-scroll container_wrap sidebar_right'  ><div class='container av-section-cont-open' ><main  role=\"main\" itemprop=\"mainContentOfPage\"  class='template-page content  av-content-small alpha units'><div class='post-entry post-entry-type-page post-entry-3249'><div class='entry-content-wrapper clearfix'>\n<div class='flex_column_table av-av_four_fifth-b2ec7ee6c6c5213970aedb1890b3052a sc-av_four_fifth av-equal-height-column-flextable'>\n<style type=\"text\/css\" data-created_by=\"avia_inline_auto\" id=\"style-css-av-av_four_fifth-b2ec7ee6c6c5213970aedb1890b3052a\">\n.flex_column.av-av_four_fifth-b2ec7ee6c6c5213970aedb1890b3052a{\npadding:0 0 0 0;\n}\n<\/style>\n<div  class='flex_column av-av_four_fifth-b2ec7ee6c6c5213970aedb1890b3052a av_four_fifth  avia-builder-el-1  el_before_av_one_fifth  avia-builder-el-first  first no_margin flex_column_table_cell av-equal-height-column av-align-middle av-zero-column-padding  '     ><section  class='av_textblock_section av-av_textblock-7a1af7d8f9790576b1769c0a9f0449ed '   itemscope=\"itemscope\" itemtype=\"https:\/\/schema.org\/CreativeWork\" ><div class='avia_textblock'  itemprop=\"text\" ><p><a class=\"custom_label installateur\" href=\"\/pro\/entreprise\/\">Installateur<\/a> Garantissez la fiabilit\u00e9 et la qualit\u00e9 de vos installations avec nos inspections.<\/p>\n<\/div><\/section><\/div><div  class='flex_column av-av_one_fifth-f1c518e9ff58e869f80c8f093487abc9 av_one_fifth  avia-builder-el-3  el_after_av_four_fifth  avia-builder-el-last  no_margin flex_column_table_cell av-equal-height-column av-align-middle  '     ><div  class='avia-button-wrap av-av_button-0abfc0d397d108d71eb45479f43bebb6-wrap avia-button-right  avia-builder-el-4  avia-builder-el-no-sibling  light_round_btn'><a href='https:\/\/order.be-check.be\/'  class='avia-button av-av_button-0abfc0d397d108d71eb45479f43bebb6 av-link-btn avia-icon_select-no avia-size-small avia-position-right avia-color-dark'  target=\"_blank\"  rel=\"noopener noreferrer\"  aria-label=\"Commandez vos contr\u00f4les\"><span class='avia_iconbox_title' >Commandez vos contr\u00f4les<\/span><\/a><\/div><\/div><\/div><!--close column table wrapper. Autoclose: 1 -->\n\n<\/div><\/div><\/main><!-- close content main element --><\/div><\/div>\n<style type=\"text\/css\" data-created_by=\"avia_inline_auto\" id=\"style-css-av-lrkncdjk-cff088be8f09cbd93ed753e64757f947\">\n.avia-section.av-lrkncdjk-cff088be8f09cbd93ed753e64757f947{\nbackground-repeat:no-repeat;\nbackground-image:url(https:\/\/www.certinergie.be\/pro\/wp-content\/uploads\/sites\/3\/2021\/06\/controle-installation-photovoltaique.jpg);\nbackground-position:50% 50%;\nbackground-attachment:scroll;\n}\n.avia-section.av-lrkncdjk-cff088be8f09cbd93ed753e64757f947 .av-section-color-overlay{\nopacity:0.8;\nbackground-color:#272d66;\n}\n<\/style>\n<div id='sticky_preceding_height'  class='avia-section av-lrkncdjk-cff088be8f09cbd93ed753e64757f947 main_color avia-section-huge avia-no-border-styling  avia-builder-el-5  el_after_av_section  el_before_av_one_full  avia-full-stretch avia-bg-style-scroll av-section-color-overlay-active container_wrap sidebar_right'  data-section-bg-repeat='stretch'><div class=\"av-section-color-overlay-wrap\"><div class=\"av-section-color-overlay\"><\/div><div class='container av-section-cont-open' ><div class='template-page content  av-content-small alpha units'><div class='post-entry post-entry-type-page post-entry-3249'><div class='entry-content-wrapper clearfix'>\n<div  class='flex_column av-av_three_fourth-7714eba142aeda1f8b5272a3c372b279 av_three_fourth  avia-builder-el-6  el_before_av_one_fourth  avia-builder-el-first  first flex_column_div  '     ><p>\n<style type=\"text\/css\" data-created_by=\"avia_inline_auto\" id=\"style-css-av-av_hr-3a876428eececa9d35452247ddb053af\">\n#top .hr.hr-invisible.av-av_hr-3a876428eececa9d35452247ddb053af{\nheight:50px;\n}\n<\/style>\n<div  class='hr av-av_hr-3a876428eececa9d35452247ddb053af hr-invisible  avia-builder-el-7  el_before_av_heading  avia-builder-el-first '><span class='hr-inner '><span class=\"hr-inner-style\"><\/span><\/span><\/div><br \/>\n\n<style type=\"text\/css\" data-created_by=\"avia_inline_auto\" id=\"style-css-av-lrkna4s9-9e8cf2ae10de695d266e782d5379b47a\">\n#top .av-special-heading.av-lrkna4s9-9e8cf2ae10de695d266e782d5379b47a{\nmargin:20px 0 0 0;\npadding-bottom:0;\ncolor:#ffffff;\n}\nbody .av-special-heading.av-lrkna4s9-9e8cf2ae10de695d266e782d5379b47a .av-special-heading-tag .heading-char{\nfont-size:25px;\n}\n#top #wrap_all .av-special-heading.av-lrkna4s9-9e8cf2ae10de695d266e782d5379b47a .av-special-heading-tag{\npadding:0 0 0 0;\n}\n.av-special-heading.av-lrkna4s9-9e8cf2ae10de695d266e782d5379b47a .special-heading-inner-border{\nborder-color:#ffffff;\n}\n.av-special-heading.av-lrkna4s9-9e8cf2ae10de695d266e782d5379b47a .av-subheading{\nfont-size:15px;\n}\n<\/style>\n<div  class='av-special-heading av-lrkna4s9-9e8cf2ae10de695d266e782d5379b47a av-special-heading-h1 custom-color-heading blockquote modern-quote  avia-builder-el-8  el_after_av_hr  el_before_av_textblock '><h1 class='av-special-heading-tag '  itemprop=\"headline\"  >Contr\u00f4le de l\u2019installation photovolta\u00efque<\/h1><div class=\"special-heading-border\"><div class=\"special-heading-inner-border\"><\/div><\/div><\/div><br \/>\n<section  class='av_textblock_section av-ikja9d-2d42152a0d4a5496510c58592ac3e67c '   itemscope=\"itemscope\" itemtype=\"https:\/\/schema.org\/CreativeWork\" ><div class='avia_textblock'  itemprop=\"text\" ><p>Assurez la s\u00e9curit\u00e9 et la conformit\u00e9 de votre installation photovolta\u00efque avec Certinergie. En Belgique, le contr\u00f4le \u00e9lectrique des installations photovolta\u00efques est une \u00e9tape cl\u00e9 pour garantir une exploitation s\u00fbre et efficiente de votre syst\u00e8me, conform\u00e9ment au R\u00e8glement G\u00e9n\u00e9ral sur les Installations \u00c9lectriques (RGIE).<\/p>\n<\/div><\/section><\/p><\/div><div  class='flex_column av-av_one_fourth-f1c518e9ff58e869f80c8f093487abc9 av_one_fourth  avia-builder-el-10  el_after_av_three_fourth  avia-builder-el-last  flex_column_div  '     ><\/div><\/div><\/div><\/div><!-- close content main div --><\/div><\/div><\/div><div id='after_section_2'  class='main_color av_default_container_wrap container_wrap sidebar_right'  ><div class='container av-section-cont-open' ><div class='template-page content  av-content-small alpha units'><div class='post-entry post-entry-type-page post-entry-3249'><div class='entry-content-wrapper clearfix'>\n<style type=\"text\/css\" data-created_by=\"avia_inline_auto\" id=\"style-css-av-av_one_full-af30d04c260c9529b283bf644060ca6a\">\n.flex_column.av-av_one_full-af30d04c260c9529b283bf644060ca6a{\nwidth:100%;\nborder-radius:0px 0px 0px 0px;\npadding:0 0 0 0;\n}\n<\/style>\n<div  class='flex_column av-av_one_full-af30d04c260c9529b283bf644060ca6a av_one_full  avia-builder-el-11  el_after_av_section  el_before_av_one_full  avia-builder-el-first  first flex_column_div av-animated-generic bottom-to-top av-zero-column-padding  '     ><p>\n<style type=\"text\/css\" data-created_by=\"avia_inline_auto\" id=\"style-css-av-lrknai52-fda3d417fb302c564c18b930e884cbca\">\n#top .av-special-heading.av-lrknai52-fda3d417fb302c564c18b930e884cbca{\npadding-bottom:0;\n}\nbody .av-special-heading.av-lrknai52-fda3d417fb302c564c18b930e884cbca .av-special-heading-tag .heading-char{\nfont-size:25px;\n}\n.av-special-heading.av-lrknai52-fda3d417fb302c564c18b930e884cbca .av-subheading{\nfont-size:15px;\n}\n<\/style>\n<div  class='av-special-heading av-lrknai52-fda3d417fb302c564c18b930e884cbca av-special-heading-h2 blockquote modern-quote  avia-builder-el-12  el_before_av_textblock  avia-builder-el-first '><h2 class='av-special-heading-tag '  itemprop=\"headline\"  >Notre offre de services pour les installations photovolta\u00efques et vos obligations<\/h2><div class=\"special-heading-border\"><div class=\"special-heading-inner-border\"><\/div><\/div><\/div><br \/>\n<section  class='av_textblock_section av-lrknao1w-ceba0b06e566cc8f6124d5da6bb6dcb0 '   itemscope=\"itemscope\" itemtype=\"https:\/\/schema.org\/CreativeWork\" ><div class='avia_textblock'  itemprop=\"text\" ><p>Chez Certinergie, nous vous assistons pour garantir la conformit\u00e9 aux r\u00e9glementations strictes, assurant ainsi la s\u00e9curit\u00e9 des installations photovolta\u00efques.<\/p>\n<\/div><\/section><\/p><\/div>\n<style type=\"text\/css\" data-created_by=\"avia_inline_auto\" id=\"style-css-av-av_one_full-af30d04c260c9529b283bf644060ca6a\">\n.flex_column.av-av_one_full-af30d04c260c9529b283bf644060ca6a{\nwidth:100%;\nborder-radius:0px 0px 0px 0px;\npadding:0 0 0 0;\n}\n<\/style>\n<div  class='flex_column av-av_one_full-af30d04c260c9529b283bf644060ca6a av_one_full  avia-builder-el-14  el_after_av_one_full  avia-builder-el-last  first flex_column_div av-animated-generic bottom-to-top av-zero-column-padding  column-top-margin'     ><section  class='av_textblock_section av-d2fa5-30f7e2000324d4d5c40992b3698a2885 '   itemscope=\"itemscope\" itemtype=\"https:\/\/schema.org\/CreativeWork\" ><div class='avia_textblock'  itemprop=\"text\" ><h2>Pourquoi un contr\u00f4le de l&rsquo;installation photovolta\u00efque est-il n\u00e9cessaire?<\/h2>\n<p>Apr\u00e8s avoir install\u00e9 des panneaux photovolta\u00efques, il est essentiel de proc\u00e9der \u00e0 un contr\u00f4le approfondi pour v\u00e9rifier la conformit\u00e9 de l&rsquo;installation. Cela assure non seulement une performance optimale du syst\u00e8me, mais aussi la s\u00e9curit\u00e9 de votre maison. Chez Certinergie, nous effectuons une s\u00e9rie de v\u00e9rifications cl\u00e9s pour garantir que votre syst\u00e8me photovolta\u00efque respecte les normes en vigueur.<\/p>\n<h2>Qu&rsquo;est-ce que Certinergie v\u00e9rifie?<\/h2>\n<ul>\n<li>Conformit\u00e9 de l&rsquo;installation : Nous v\u00e9rifions que votre syst\u00e8me photovolta\u00efque a \u00e9t\u00e9 correctement install\u00e9 et respecte toutes les normes du RGIE.<\/li>\n<li>Performance du syst\u00e8me : Nous v\u00e9rifions la capacit\u00e9 de production du syst\u00e8me pour assurer son efficacit\u00e9.<\/li>\n<li>S\u00e9curit\u00e9 : Nous v\u00e9rifions la s\u00e9curit\u00e9 du syst\u00e8me pour pr\u00e9venir les risques d&rsquo;incendie ou de choc \u00e9lectrique.<\/li>\n<li>Int\u00e9gration au r\u00e9seau : Nous v\u00e9rifions l&rsquo;interconnexion du syst\u00e8me photovolta\u00efque avec le r\u00e9seau \u00e9lectrique.<\/li>\n<\/ul>\n<h2>La validit\u00e9 du contr\u00f4le photovolta\u00efque<\/h2>\n<p>Le contr\u00f4le \u00e9lectrique d&rsquo;une installation photovolta\u00efque est valide pour une p\u00e9riode de 25 ans. Toutefois, il est recommand\u00e9 de proc\u00e9der \u00e0 des contr\u00f4les r\u00e9guliers pour s&rsquo;assurer que votre syst\u00e8me continue de fonctionner de mani\u00e8re optimale et s\u00e9curis\u00e9e.<\/p>\n<h2>Confiance et professionnalisme avec Certinergie<\/h2>\n<p>Chez Certinergie, nous sommes fiers de notre engagement envers la s\u00e9curit\u00e9 et la satisfaction du client. Nos experts sont hautement qualifi\u00e9s et suivent une formation continue pour rester \u00e0 jour avec les derni\u00e8res normes du RGIE. En choisissant Certinergie pour le contr\u00f4le de votre installation photovolta\u00efque, vous pouvez \u00eatre s\u00fbr que vous recevrez un service professionnel et de haute qualit\u00e9.<\/p>\n<h2>Commandez votre contr\u00f4le d&rsquo;installation photovolta\u00efque d\u00e8s aujourd&rsquo;hui<\/h2>\n<p>Ne laissez pas votre syst\u00e8me photovolta\u00efque sans contr\u00f4le. Assurez-vous qu&rsquo;il est s\u00e9curis\u00e9 et efficace en commandant un contr\u00f4le d&rsquo;installation photovolta\u00efque avec Certinergie aujourd&rsquo;hui.<\/p>\n<p><a href=\"https:\/\/order.be-check.be\" target=\"_blank\" rel=\"noopener\"><strong>Cliquez ici pour commander votre contr\u00f4le d&rsquo;installation photovolta\u00efque maintenant<\/strong><\/a><\/p>\n<p><strong>Choisissez Certinergie pour votre contr\u00f4le d&rsquo;installation photovolta\u00efque et profitez de l&rsquo;assurance d&rsquo;un syst\u00e8me s\u00e9curis\u00e9 et conforme aux normes.<\/strong><\/p>\n<h2>Comment se pr\u00e9parer pour le contr\u00f4le de votre installation photovolta\u00efque?<\/h2>\n<p>Pour vous assurer que le processus de contr\u00f4le se d\u00e9roule sans accroc, voici quelques \u00e9l\u00e9ments cl\u00e9s \u00e0 pr\u00e9parer avant la visite de nos experts :<\/p>\n<ol>\n<li><strong>Documentation technique :<\/strong> Rassemblez tous les documents techniques relatifs \u00e0 votre syst\u00e8me photovolta\u00efque. Cela comprend les manuels des diff\u00e9rents composants (panneaux, onduleurs, etc.), ainsi que tout document de garantie et certificats de conformit\u00e9.<\/li>\n<li><strong>Plans d&rsquo;installation :<\/strong> Un plan d\u00e9taill\u00e9 de l&rsquo;installation photovolta\u00efque est essentiel pour le contr\u00f4le. Ces plans devraient inclure des sch\u00e9mas unifilaires et de position de l&rsquo;installation. Ces plans doivent \u00eatre disponibles en trois exemplaires et doivent \u00eatre sign\u00e9s par l&rsquo;installateur. Ces documents permettent \u00e0 notre \u00e9quipe de comprendre rapidement la disposition et les connexions de votre syst\u00e8me.<\/li>\n<li><strong>Acc\u00e8s \u00e0 l&rsquo;installation :<\/strong> Assurez-vous que l&rsquo;acc\u00e8s \u00e0 votre installation est d\u00e9gag\u00e9 et s\u00e9curis\u00e9. Cela comprend non seulement les panneaux photovolta\u00efques eux-m\u00eames, mais aussi les onduleurs, les compteurs, et tout autre \u00e9quipement li\u00e9.<\/li>\n<li><strong>Historique de maintenance :<\/strong> Si vous avez un historique des op\u00e9rations de maintenance ou d&rsquo;inspection pr\u00e9c\u00e9dentes, veillez \u00e0 le rendre disponible. Cela peut aider notre \u00e9quipe \u00e0 identifier rapidement tout probl\u00e8me potentiel.<\/li>\n<\/ol>\n<p>Une bonne pr\u00e9paration peut aider \u00e0 acc\u00e9l\u00e9rer le processus de contr\u00f4le et \u00e0 assurer que tous les aspects importants de votre syst\u00e8me photovolta\u00efque sont correctement examin\u00e9s.<\/p>\n<p><a href=\"https:\/\/order.be-check.be\" target=\"_blank\" rel=\"noopener\">Cliquez ici pour commander votre contr\u00f4le d&rsquo;installation photovolta\u00efque maintenant<\/a><\/p>\n<p><strong>Avec Certinergie, vous pouvez \u00eatre s\u00fbr d&rsquo;un contr\u00f4le complet et professionnel de votre installation photovolta\u00efque. Ne laissez rien au hasard &#8211; pr\u00e9parez-vous \u00e0 l&rsquo;avance et b\u00e9n\u00e9ficiez de la tranquillit\u00e9 d&rsquo;esprit que votre syst\u00e8me est s\u00fbr et efficace.<\/strong><\/p>\n<\/div><\/section><\/div><\/p>\n","protected":false},"excerpt":{"rendered":"","protected":false},"author":1,"featured_media":1371,"parent":2795,"menu_order":0,"comment_status":"closed","ping_status":"closed","template":"","meta":{"inline_featured_image":false,"footnotes":""},"class_list":["post-3249","page","type-page","status-publish","has-post-thumbnail","hentry"],"yoast_head":"<!-- This site is optimized with the Yoast SEO plugin v27.3 - https:\/\/yoast.com\/product\/yoast-seo-wordpress\/ -->\n<title>Services de contr\u00f4le pour photovolta\u00efque - Certinergie - Entreprises et secteur public<\/title>\n<meta name=\"description\" content=\"Certinergie est un organisme de contr\u00f4le en Belgique, sp\u00e9cialis\u00e9 dans les inspections et les contr\u00f4les pour le photovolta\u00efque.\" \/>\n<meta name=\"robots\" content=\"index, follow, max-snippet:-1, max-image-preview:large, max-video-preview:-1\" \/>\n<link rel=\"canonical\" href=\"https:\/\/www.certinergie.be\/pro\/installateur\/photovoltaique\/\" \/>\n<meta property=\"og:locale\" content=\"fr_FR\" \/>\n<meta property=\"og:type\" content=\"article\" \/>\n<meta property=\"og:title\" content=\"Services de contr\u00f4le pour photovolta\u00efque - Certinergie - Entreprises et secteur public\" \/>\n<meta property=\"og:description\" content=\"Certinergie est un organisme de contr\u00f4le en Belgique, sp\u00e9cialis\u00e9 dans les inspections et les contr\u00f4les pour le photovolta\u00efque.\" \/>\n<meta property=\"og:url\" content=\"https:\/\/www.certinergie.be\/pro\/installateur\/photovoltaique\/\" \/>\n<meta property=\"og:site_name\" content=\"Certinergie - Entreprises et secteur public\" \/>\n<meta property=\"og:image\" content=\"https:\/\/www.certinergie.be\/pro\/wp-content\/uploads\/sites\/3\/2021\/06\/controle-installation-photovoltaique.jpg\" \/>\n\t<meta property=\"og:image:width\" content=\"1200\" \/>\n\t<meta property=\"og:image:height\" content=\"406\" \/>\n\t<meta property=\"og:image:type\" content=\"image\/jpeg\" \/>\n<meta name=\"twitter:card\" content=\"summary_large_image\" \/>\n<meta name=\"twitter:label1\" content=\"Dur\u00e9e de lecture estim\u00e9e\" \/>\n\t<meta name=\"twitter:data1\" content=\"4 minutes\" \/>\n<script type=\"application\/ld+json\" class=\"yoast-schema-graph\">{\"@context\":\"https:\\\/\\\/schema.org\",\"@graph\":[{\"@type\":\"WebPage\",\"@id\":\"https:\\\/\\\/www.certinergie.be\\\/pro\\\/installateur\\\/photovoltaique\\\/\",\"url\":\"https:\\\/\\\/www.certinergie.be\\\/pro\\\/installateur\\\/photovoltaique\\\/\",\"name\":\"Services de contr\u00f4le pour photovolta\u00efque - Certinergie - Entreprises et secteur public\",\"isPartOf\":{\"@id\":\"https:\\\/\\\/www.certinergie.be\\\/pro\\\/#website\"},\"primaryImageOfPage\":{\"@id\":\"https:\\\/\\\/www.certinergie.be\\\/pro\\\/installateur\\\/photovoltaique\\\/#primaryimage\"},\"image\":{\"@id\":\"https:\\\/\\\/www.certinergie.be\\\/pro\\\/installateur\\\/photovoltaique\\\/#primaryimage\"},\"thumbnailUrl\":\"https:\\\/\\\/www.certinergie.be\\\/pro\\\/wp-content\\\/uploads\\\/sites\\\/3\\\/2021\\\/06\\\/controle-installation-photovoltaique.jpg\",\"datePublished\":\"2023-05-25T15:39:03+00:00\",\"description\":\"Certinergie est un organisme de contr\u00f4le en Belgique, sp\u00e9cialis\u00e9 dans les inspections et les contr\u00f4les pour le photovolta\u00efque.\",\"breadcrumb\":{\"@id\":\"https:\\\/\\\/www.certinergie.be\\\/pro\\\/installateur\\\/photovoltaique\\\/#breadcrumb\"},\"inLanguage\":\"fr-FR\",\"potentialAction\":[{\"@type\":\"ReadAction\",\"target\":[\"https:\\\/\\\/www.certinergie.be\\\/pro\\\/installateur\\\/photovoltaique\\\/\"]}]},{\"@type\":\"ImageObject\",\"inLanguage\":\"fr-FR\",\"@id\":\"https:\\\/\\\/www.certinergie.be\\\/pro\\\/installateur\\\/photovoltaique\\\/#primaryimage\",\"url\":\"https:\\\/\\\/www.certinergie.be\\\/pro\\\/wp-content\\\/uploads\\\/sites\\\/3\\\/2021\\\/06\\\/controle-installation-photovoltaique.jpg\",\"contentUrl\":\"https:\\\/\\\/www.certinergie.be\\\/pro\\\/wp-content\\\/uploads\\\/sites\\\/3\\\/2021\\\/06\\\/controle-installation-photovoltaique.jpg\",\"width\":1200,\"height\":406,\"caption\":\"La conformit\u00e9 de l\u2019installation photovolta\u00efque, un gage de s\u00e9curit\u00e9 !\"},{\"@type\":\"BreadcrumbList\",\"@id\":\"https:\\\/\\\/www.certinergie.be\\\/pro\\\/installateur\\\/photovoltaique\\\/#breadcrumb\",\"itemListElement\":[{\"@type\":\"ListItem\",\"position\":1,\"name\":\"Accueil\",\"item\":\"https:\\\/\\\/www.certinergie.be\\\/pro\\\/home\\\/\"},{\"@type\":\"ListItem\",\"position\":2,\"name\":\"Installateur\",\"item\":\"https:\\\/\\\/www.certinergie.be\\\/pro\\\/installateur\\\/\"},{\"@type\":\"ListItem\",\"position\":3,\"name\":\"Photovolta\u00efque\"}]},{\"@type\":\"WebSite\",\"@id\":\"https:\\\/\\\/www.certinergie.be\\\/pro\\\/#website\",\"url\":\"https:\\\/\\\/www.certinergie.be\\\/pro\\\/\",\"name\":\"Certinergie - Entreprises et secteur public\",\"description\":\"\",\"publisher\":{\"@id\":\"https:\\\/\\\/www.certinergie.be\\\/pro\\\/#organization\"},\"potentialAction\":[{\"@type\":\"SearchAction\",\"target\":{\"@type\":\"EntryPoint\",\"urlTemplate\":\"https:\\\/\\\/www.certinergie.be\\\/pro\\\/?s={search_term_string}\"},\"query-input\":{\"@type\":\"PropertyValueSpecification\",\"valueRequired\":true,\"valueName\":\"search_term_string\"}}],\"inLanguage\":\"fr-FR\"},{\"@type\":\"Organization\",\"@id\":\"https:\\\/\\\/www.certinergie.be\\\/pro\\\/#organization\",\"name\":\"Certinergie - Entreprises et secteur public\",\"url\":\"https:\\\/\\\/www.certinergie.be\\\/pro\\\/\",\"logo\":{\"@type\":\"ImageObject\",\"inLanguage\":\"fr-FR\",\"@id\":\"https:\\\/\\\/www.certinergie.be\\\/pro\\\/#\\\/schema\\\/logo\\\/image\\\/\",\"url\":\"https:\\\/\\\/www.certinergie.be\\\/pro\\\/wp-content\\\/uploads\\\/sites\\\/3\\\/2024\\\/10\\\/certinergie-pro-1.png\",\"contentUrl\":\"https:\\\/\\\/www.certinergie.be\\\/pro\\\/wp-content\\\/uploads\\\/sites\\\/3\\\/2024\\\/10\\\/certinergie-pro-1.png\",\"width\":170,\"height\":53,\"caption\":\"Certinergie - Entreprises et secteur public\"},\"image\":{\"@id\":\"https:\\\/\\\/www.certinergie.be\\\/pro\\\/#\\\/schema\\\/logo\\\/image\\\/\"}}]}<\/script>\n<!-- \/ Yoast SEO plugin. -->","yoast_head_json":{"title":"Services de contr\u00f4le pour photovolta\u00efque - Certinergie - Entreprises et secteur public","description":"Certinergie est un organisme de contr\u00f4le en Belgique, sp\u00e9cialis\u00e9 dans les inspections et les contr\u00f4les pour le photovolta\u00efque.","robots":{"index":"index","follow":"follow","max-snippet":"max-snippet:-1","max-image-preview":"max-image-preview:large","max-video-preview":"max-video-preview:-1"},"canonical":"https:\/\/www.certinergie.be\/pro\/installateur\/photovoltaique\/","og_locale":"fr_FR","og_type":"article","og_title":"Services de contr\u00f4le pour photovolta\u00efque - Certinergie - Entreprises et secteur public","og_description":"Certinergie est un organisme de contr\u00f4le en Belgique, sp\u00e9cialis\u00e9 dans les inspections et les contr\u00f4les pour le photovolta\u00efque.","og_url":"https:\/\/www.certinergie.be\/pro\/installateur\/photovoltaique\/","og_site_name":"Certinergie - Entreprises et secteur public","og_image":[{"width":1200,"height":406,"url":"https:\/\/www.certinergie.be\/pro\/wp-content\/uploads\/sites\/3\/2021\/06\/controle-installation-photovoltaique.jpg","type":"image\/jpeg"}],"twitter_card":"summary_large_image","twitter_misc":{"Dur\u00e9e de lecture estim\u00e9e":"4 minutes"},"schema":{"@context":"https:\/\/schema.org","@graph":[{"@type":"WebPage","@id":"https:\/\/www.certinergie.be\/pro\/installateur\/photovoltaique\/","url":"https:\/\/www.certinergie.be\/pro\/installateur\/photovoltaique\/","name":"Services de contr\u00f4le pour photovolta\u00efque - Certinergie - Entreprises et secteur public","isPartOf":{"@id":"https:\/\/www.certinergie.be\/pro\/#website"},"primaryImageOfPage":{"@id":"https:\/\/www.certinergie.be\/pro\/installateur\/photovoltaique\/#primaryimage"},"image":{"@id":"https:\/\/www.certinergie.be\/pro\/installateur\/photovoltaique\/#primaryimage"},"thumbnailUrl":"https:\/\/www.certinergie.be\/pro\/wp-content\/uploads\/sites\/3\/2021\/06\/controle-installation-photovoltaique.jpg","datePublished":"2023-05-25T15:39:03+00:00","description":"Certinergie est un organisme de contr\u00f4le en Belgique, sp\u00e9cialis\u00e9 dans les inspections et les contr\u00f4les pour le photovolta\u00efque.","breadcrumb":{"@id":"https:\/\/www.certinergie.be\/pro\/installateur\/photovoltaique\/#breadcrumb"},"inLanguage":"fr-FR","potentialAction":[{"@type":"ReadAction","target":["https:\/\/www.certinergie.be\/pro\/installateur\/photovoltaique\/"]}]},{"@type":"ImageObject","inLanguage":"fr-FR","@id":"https:\/\/www.certinergie.be\/pro\/installateur\/photovoltaique\/#primaryimage","url":"https:\/\/www.certinergie.be\/pro\/wp-content\/uploads\/sites\/3\/2021\/06\/controle-installation-photovoltaique.jpg","contentUrl":"https:\/\/www.certinergie.be\/pro\/wp-content\/uploads\/sites\/3\/2021\/06\/controle-installation-photovoltaique.jpg","width":1200,"height":406,"caption":"La conformit\u00e9 de l\u2019installation photovolta\u00efque, un gage de s\u00e9curit\u00e9 !"},{"@type":"BreadcrumbList","@id":"https:\/\/www.certinergie.be\/pro\/installateur\/photovoltaique\/#breadcrumb","itemListElement":[{"@type":"ListItem","position":1,"name":"Accueil","item":"https:\/\/www.certinergie.be\/pro\/home\/"},{"@type":"ListItem","position":2,"name":"Installateur","item":"https:\/\/www.certinergie.be\/pro\/installateur\/"},{"@type":"ListItem","position":3,"name":"Photovolta\u00efque"}]},{"@type":"WebSite","@id":"https:\/\/www.certinergie.be\/pro\/#website","url":"https:\/\/www.certinergie.be\/pro\/","name":"Certinergie - Entreprises et secteur public","description":"","publisher":{"@id":"https:\/\/www.certinergie.be\/pro\/#organization"},"potentialAction":[{"@type":"SearchAction","target":{"@type":"EntryPoint","urlTemplate":"https:\/\/www.certinergie.be\/pro\/?s={search_term_string}"},"query-input":{"@type":"PropertyValueSpecification","valueRequired":true,"valueName":"search_term_string"}}],"inLanguage":"fr-FR"},{"@type":"Organization","@id":"https:\/\/www.certinergie.be\/pro\/#organization","name":"Certinergie - Entreprises et secteur public","url":"https:\/\/www.certinergie.be\/pro\/","logo":{"@type":"ImageObject","inLanguage":"fr-FR","@id":"https:\/\/www.certinergie.be\/pro\/#\/schema\/logo\/image\/","url":"https:\/\/www.certinergie.be\/pro\/wp-content\/uploads\/sites\/3\/2024\/10\/certinergie-pro-1.png","contentUrl":"https:\/\/www.certinergie.be\/pro\/wp-content\/uploads\/sites\/3\/2024\/10\/certinergie-pro-1.png","width":170,"height":53,"caption":"Certinergie - Entreprises et secteur public"},"image":{"@id":"https:\/\/www.certinergie.be\/pro\/#\/schema\/logo\/image\/"}}]}},"_links":{"self":[{"href":"https:\/\/www.certinergie.be\/pro\/wp-json\/wp\/v2\/pages\/3249","targetHints":{"allow":["GET"]}}],"collection":[{"href":"https:\/\/www.certinergie.be\/pro\/wp-json\/wp\/v2\/pages"}],"about":[{"href":"https:\/\/www.certinergie.be\/pro\/wp-json\/wp\/v2\/types\/page"}],"author":[{"embeddable":true,"href":"https:\/\/www.certinergie.be\/pro\/wp-json\/wp\/v2\/users\/1"}],"replies":[{"embeddable":true,"href":"https:\/\/www.certinergie.be\/pro\/wp-json\/wp\/v2\/comments?post=3249"}],"version-history":[{"count":0,"href":"https:\/\/www.certinergie.be\/pro\/wp-json\/wp\/v2\/pages\/3249\/revisions"}],"up":[{"embeddable":true,"href":"https:\/\/www.certinergie.be\/pro\/wp-json\/wp\/v2\/pages\/2795"}],"wp:featuredmedia":[{"embeddable":true,"href":"https:\/\/www.certinergie.be\/pro\/wp-json\/wp\/v2\/media\/1371"}],"wp:attachment":[{"href":"https:\/\/www.certinergie.be\/pro\/wp-json\/wp\/v2\/media?parent=3249"}],"curies":[{"name":"wp","href":"https:\/\/api.w.org\/{rel}","templated":true}]}}