{"id":3665,"date":"2023-06-14T17:12:37","date_gmt":"2023-06-14T15:12:37","guid":{"rendered":"https:\/\/www.be-check.be\/?page_id=3665"},"modified":"2024-11-26T15:52:04","modified_gmt":"2024-11-26T14:52:04","slug":"demandez-votre-devis-gratuit","status":"publish","type":"page","link":"https:\/\/www.certinergie.be\/pro\/demandez-votre-devis-gratuit\/","title":{"rendered":"Demander un devis"},"content":{"rendered":"<div id='av_section_1'  class='avia-section av-3ilh6p-dc781c4b804515e52c811167a44216eb main_color avia-section-default avia-no-border-styling  avia-builder-el-0  avia-builder-el-no-sibling  avia-bg-style-scroll container_wrap sidebar_right'  ><div class='container av-section-cont-open' ><main  role=\"main\" itemprop=\"mainContentOfPage\"  class='template-page content  av-content-small alpha units'><div class='post-entry post-entry-type-page post-entry-3665'><div class='entry-content-wrapper clearfix'>\n<div  class='flex_column av-2sdz4x-7baa5be408e14f1c7c8d0218be9f35c4 av_one_full  avia-builder-el-1  avia-builder-el-no-sibling  first flex_column_div  '     ><p>\n<style type=\"text\/css\" data-created_by=\"avia_inline_auto\" id=\"style-css-av-livul2r4-384da215a7332b7ba943e3832a74b5a6\">\n#top .av-special-heading.av-livul2r4-384da215a7332b7ba943e3832a74b5a6{\npadding-bottom:10px;\ncolor:#000000;\n}\nbody .av-special-heading.av-livul2r4-384da215a7332b7ba943e3832a74b5a6 .av-special-heading-tag .heading-char{\nfont-size:25px;\n}\n.av-special-heading.av-livul2r4-384da215a7332b7ba943e3832a74b5a6 .special-heading-inner-border{\nborder-color:#000000;\n}\n.av-special-heading.av-livul2r4-384da215a7332b7ba943e3832a74b5a6 .av-subheading{\nfont-size:15px;\n}\n\n@media only screen and (min-width: 990px){ \n#top #wrap_all .av-special-heading.av-livul2r4-384da215a7332b7ba943e3832a74b5a6 .av-special-heading-tag{\npadding:0 0 0 0;\n}\n}\n<\/style>\n<div  class='av-special-heading av-livul2r4-384da215a7332b7ba943e3832a74b5a6 av-special-heading-h1 custom-color-heading blockquote modern-quote  avia-builder-el-2  el_before_av_codeblock  avia-builder-el-first '><h1 class='av-special-heading-tag '  itemprop=\"headline\"  >Demandez-nous un devis <br \/><small style=\"font-size: 18px;\">Contactez-nous d\u00e8s maintenant et recevez votre devis sans engagement !<\/small><\/h1><div class=\"special-heading-border\"><div class=\"special-heading-inner-border\"><\/div><\/div><\/div><br \/>\n<\/p><\/div><\/div><\/div><\/main><!-- close content main element --><\/div><\/div><div id='after_section_1'  class='main_color av_default_container_wrap container_wrap sidebar_right'  ><div class='container av-section-cont-open' ><div class='template-page content  av-content-small alpha units'><div class='post-entry post-entry-type-page post-entry-3665'><div class='entry-content-wrapper clearfix'>\n","protected":false},"excerpt":{"rendered":"","protected":false},"author":1,"featured_media":445,"parent":0,"menu_order":0,"comment_status":"closed","ping_status":"closed","template":"","meta":{"inline_featured_image":false,"footnotes":""},"class_list":["post-3665","page","type-page","status-publish","has-post-thumbnail","hentry"],"yoast_head":"<!-- This site is optimized with the Yoast SEO plugin v27.2 - https:\/\/yoast.com\/product\/yoast-seo-wordpress\/ -->\n<title>Demande de devis - Certinergie - Entreprises et secteur public<\/title>\n<meta name=\"description\" content=\"N&#039;h\u00e9sitez pas \u00e0 demander un devis via le formulaire pour \u00eatre contact\u00e9 dans les meilleurs d\u00e9lais pour confirmer la date et l&#039;heure du rendez-vous.\" \/>\n<meta name=\"robots\" content=\"index, follow, max-snippet:-1, max-image-preview:large, max-video-preview:-1\" \/>\n<link rel=\"canonical\" href=\"https:\/\/www.certinergie.be\/pro\/demandez-votre-devis-gratuit\/\" \/>\n<meta property=\"og:locale\" content=\"fr_FR\" \/>\n<meta property=\"og:type\" content=\"article\" \/>\n<meta property=\"og:title\" content=\"Demande de devis - Certinergie - Entreprises et secteur public\" \/>\n<meta property=\"og:description\" content=\"N&#039;h\u00e9sitez pas \u00e0 demander un devis via le formulaire pour \u00eatre contact\u00e9 dans les meilleurs d\u00e9lais pour confirmer la date et l&#039;heure du rendez-vous.\" \/>\n<meta property=\"og:url\" content=\"https:\/\/www.certinergie.be\/pro\/demandez-votre-devis-gratuit\/\" \/>\n<meta property=\"og:site_name\" content=\"Certinergie - Entreprises et secteur public\" \/>\n<meta property=\"article:modified_time\" content=\"2024-11-26T14:52:04+00:00\" \/>\n<meta property=\"og:image\" content=\"https:\/\/www.certinergie.be\/pro\/wp-content\/uploads\/sites\/3\/2020\/10\/high-voltage-tower-isolated-sky.jpg\" \/>\n\t<meta property=\"og:image:width\" content=\"1300\" \/>\n\t<meta property=\"og:image:height\" content=\"547\" \/>\n\t<meta property=\"og:image:type\" content=\"image\/jpeg\" \/>\n<meta name=\"twitter:card\" content=\"summary_large_image\" \/>\n<meta name=\"twitter:label1\" content=\"Dur\u00e9e de lecture estim\u00e9e\" \/>\n\t<meta name=\"twitter:data1\" content=\"1 minute\" \/>\n<script type=\"application\/ld+json\" class=\"yoast-schema-graph\">{\"@context\":\"https:\/\/schema.org\",\"@graph\":[{\"@type\":\"WebPage\",\"@id\":\"https:\/\/www.certinergie.be\/pro\/demandez-votre-devis-gratuit\/\",\"url\":\"https:\/\/www.certinergie.be\/pro\/demandez-votre-devis-gratuit\/\",\"name\":\"Demande de devis - Certinergie - Entreprises et secteur public\",\"isPartOf\":{\"@id\":\"https:\/\/www.certinergie.be\/pro\/#website\"},\"primaryImageOfPage\":{\"@id\":\"https:\/\/www.certinergie.be\/pro\/demandez-votre-devis-gratuit\/#primaryimage\"},\"image\":{\"@id\":\"https:\/\/www.certinergie.be\/pro\/demandez-votre-devis-gratuit\/#primaryimage\"},\"thumbnailUrl\":\"https:\/\/www.certinergie.be\/pro\/wp-content\/uploads\/sites\/3\/2020\/10\/high-voltage-tower-isolated-sky.jpg\",\"datePublished\":\"2023-06-14T15:12:37+00:00\",\"dateModified\":\"2024-11-26T14:52:04+00:00\",\"description\":\"N'h\u00e9sitez pas \u00e0 demander un devis via le formulaire pour \u00eatre contact\u00e9 dans les meilleurs d\u00e9lais pour confirmer la date et l'heure du rendez-vous.\",\"breadcrumb\":{\"@id\":\"https:\/\/www.certinergie.be\/pro\/demandez-votre-devis-gratuit\/#breadcrumb\"},\"inLanguage\":\"fr-FR\",\"potentialAction\":[{\"@type\":\"ReadAction\",\"target\":[\"https:\/\/www.certinergie.be\/pro\/demandez-votre-devis-gratuit\/\"]}]},{\"@type\":\"ImageObject\",\"inLanguage\":\"fr-FR\",\"@id\":\"https:\/\/www.certinergie.be\/pro\/demandez-votre-devis-gratuit\/#primaryimage\",\"url\":\"https:\/\/www.certinergie.be\/pro\/wp-content\/uploads\/sites\/3\/2020\/10\/high-voltage-tower-isolated-sky.jpg\",\"contentUrl\":\"https:\/\/www.certinergie.be\/pro\/wp-content\/uploads\/sites\/3\/2020\/10\/high-voltage-tower-isolated-sky.jpg\",\"width\":1300,\"height\":547,\"caption\":\"beCheck - Contr\u00f4le \u00e9lectrique et gaz au meilleurs prix\"},{\"@type\":\"BreadcrumbList\",\"@id\":\"https:\/\/www.certinergie.be\/pro\/demandez-votre-devis-gratuit\/#breadcrumb\",\"itemListElement\":[{\"@type\":\"ListItem\",\"position\":1,\"name\":\"Accueil\",\"item\":\"https:\/\/www.certinergie.be\/pro\/home\/\"},{\"@type\":\"ListItem\",\"position\":2,\"name\":\"Demander un devis\"}]},{\"@type\":\"WebSite\",\"@id\":\"https:\/\/www.certinergie.be\/pro\/#website\",\"url\":\"https:\/\/www.certinergie.be\/pro\/\",\"name\":\"Certinergie - Entreprises et secteur public\",\"description\":\"\",\"publisher\":{\"@id\":\"https:\/\/www.certinergie.be\/pro\/#organization\"},\"potentialAction\":[{\"@type\":\"SearchAction\",\"target\":{\"@type\":\"EntryPoint\",\"urlTemplate\":\"https:\/\/www.certinergie.be\/pro\/?s={search_term_string}\"},\"query-input\":{\"@type\":\"PropertyValueSpecification\",\"valueRequired\":true,\"valueName\":\"search_term_string\"}}],\"inLanguage\":\"fr-FR\"},{\"@type\":\"Organization\",\"@id\":\"https:\/\/www.certinergie.be\/pro\/#organization\",\"name\":\"Certinergie - Entreprises et secteur public\",\"url\":\"https:\/\/www.certinergie.be\/pro\/\",\"logo\":{\"@type\":\"ImageObject\",\"inLanguage\":\"fr-FR\",\"@id\":\"https:\/\/www.certinergie.be\/pro\/#\/schema\/logo\/image\/\",\"url\":\"https:\/\/www.certinergie.be\/pro\/wp-content\/uploads\/sites\/3\/2024\/10\/certinergie-pro-1.png\",\"contentUrl\":\"https:\/\/www.certinergie.be\/pro\/wp-content\/uploads\/sites\/3\/2024\/10\/certinergie-pro-1.png\",\"width\":170,\"height\":53,\"caption\":\"Certinergie - Entreprises et secteur public\"},\"image\":{\"@id\":\"https:\/\/www.certinergie.be\/pro\/#\/schema\/logo\/image\/\"}}]}<\/script>\n<!-- \/ Yoast SEO plugin. -->","yoast_head_json":{"title":"Demande de devis - Certinergie - Entreprises et secteur public","description":"N'h\u00e9sitez pas \u00e0 demander un devis via le formulaire pour \u00eatre contact\u00e9 dans les meilleurs d\u00e9lais pour confirmer la date et l'heure du rendez-vous.","robots":{"index":"index","follow":"follow","max-snippet":"max-snippet:-1","max-image-preview":"max-image-preview:large","max-video-preview":"max-video-preview:-1"},"canonical":"https:\/\/www.certinergie.be\/pro\/demandez-votre-devis-gratuit\/","og_locale":"fr_FR","og_type":"article","og_title":"Demande de devis - Certinergie - Entreprises et secteur public","og_description":"N'h\u00e9sitez pas \u00e0 demander un devis via le formulaire pour \u00eatre contact\u00e9 dans les meilleurs d\u00e9lais pour confirmer la date et l'heure du rendez-vous.","og_url":"https:\/\/www.certinergie.be\/pro\/demandez-votre-devis-gratuit\/","og_site_name":"Certinergie - Entreprises et secteur public","article_modified_time":"2024-11-26T14:52:04+00:00","og_image":[{"width":1300,"height":547,"url":"https:\/\/www.certinergie.be\/pro\/wp-content\/uploads\/sites\/3\/2020\/10\/high-voltage-tower-isolated-sky.jpg","type":"image\/jpeg"}],"twitter_card":"summary_large_image","twitter_misc":{"Dur\u00e9e de lecture estim\u00e9e":"1 minute"},"schema":{"@context":"https:\/\/schema.org","@graph":[{"@type":"WebPage","@id":"https:\/\/www.certinergie.be\/pro\/demandez-votre-devis-gratuit\/","url":"https:\/\/www.certinergie.be\/pro\/demandez-votre-devis-gratuit\/","name":"Demande de devis - Certinergie - Entreprises et secteur public","isPartOf":{"@id":"https:\/\/www.certinergie.be\/pro\/#website"},"primaryImageOfPage":{"@id":"https:\/\/www.certinergie.be\/pro\/demandez-votre-devis-gratuit\/#primaryimage"},"image":{"@id":"https:\/\/www.certinergie.be\/pro\/demandez-votre-devis-gratuit\/#primaryimage"},"thumbnailUrl":"https:\/\/www.certinergie.be\/pro\/wp-content\/uploads\/sites\/3\/2020\/10\/high-voltage-tower-isolated-sky.jpg","datePublished":"2023-06-14T15:12:37+00:00","dateModified":"2024-11-26T14:52:04+00:00","description":"N'h\u00e9sitez pas \u00e0 demander un devis via le formulaire pour \u00eatre contact\u00e9 dans les meilleurs d\u00e9lais pour confirmer la date et l'heure du rendez-vous.","breadcrumb":{"@id":"https:\/\/www.certinergie.be\/pro\/demandez-votre-devis-gratuit\/#breadcrumb"},"inLanguage":"fr-FR","potentialAction":[{"@type":"ReadAction","target":["https:\/\/www.certinergie.be\/pro\/demandez-votre-devis-gratuit\/"]}]},{"@type":"ImageObject","inLanguage":"fr-FR","@id":"https:\/\/www.certinergie.be\/pro\/demandez-votre-devis-gratuit\/#primaryimage","url":"https:\/\/www.certinergie.be\/pro\/wp-content\/uploads\/sites\/3\/2020\/10\/high-voltage-tower-isolated-sky.jpg","contentUrl":"https:\/\/www.certinergie.be\/pro\/wp-content\/uploads\/sites\/3\/2020\/10\/high-voltage-tower-isolated-sky.jpg","width":1300,"height":547,"caption":"beCheck - Contr\u00f4le \u00e9lectrique et gaz au meilleurs prix"},{"@type":"BreadcrumbList","@id":"https:\/\/www.certinergie.be\/pro\/demandez-votre-devis-gratuit\/#breadcrumb","itemListElement":[{"@type":"ListItem","position":1,"name":"Accueil","item":"https:\/\/www.certinergie.be\/pro\/home\/"},{"@type":"ListItem","position":2,"name":"Demander un devis"}]},{"@type":"WebSite","@id":"https:\/\/www.certinergie.be\/pro\/#website","url":"https:\/\/www.certinergie.be\/pro\/","name":"Certinergie - Entreprises et secteur public","description":"","publisher":{"@id":"https:\/\/www.certinergie.be\/pro\/#organization"},"potentialAction":[{"@type":"SearchAction","target":{"@type":"EntryPoint","urlTemplate":"https:\/\/www.certinergie.be\/pro\/?s={search_term_string}"},"query-input":{"@type":"PropertyValueSpecification","valueRequired":true,"valueName":"search_term_string"}}],"inLanguage":"fr-FR"},{"@type":"Organization","@id":"https:\/\/www.certinergie.be\/pro\/#organization","name":"Certinergie - Entreprises et secteur public","url":"https:\/\/www.certinergie.be\/pro\/","logo":{"@type":"ImageObject","inLanguage":"fr-FR","@id":"https:\/\/www.certinergie.be\/pro\/#\/schema\/logo\/image\/","url":"https:\/\/www.certinergie.be\/pro\/wp-content\/uploads\/sites\/3\/2024\/10\/certinergie-pro-1.png","contentUrl":"https:\/\/www.certinergie.be\/pro\/wp-content\/uploads\/sites\/3\/2024\/10\/certinergie-pro-1.png","width":170,"height":53,"caption":"Certinergie - Entreprises et secteur public"},"image":{"@id":"https:\/\/www.certinergie.be\/pro\/#\/schema\/logo\/image\/"}}]}},"_links":{"self":[{"href":"https:\/\/www.certinergie.be\/pro\/wp-json\/wp\/v2\/pages\/3665","targetHints":{"allow":["GET"]}}],"collection":[{"href":"https:\/\/www.certinergie.be\/pro\/wp-json\/wp\/v2\/pages"}],"about":[{"href":"https:\/\/www.certinergie.be\/pro\/wp-json\/wp\/v2\/types\/page"}],"author":[{"embeddable":true,"href":"https:\/\/www.certinergie.be\/pro\/wp-json\/wp\/v2\/users\/1"}],"replies":[{"embeddable":true,"href":"https:\/\/www.certinergie.be\/pro\/wp-json\/wp\/v2\/comments?post=3665"}],"version-history":[{"count":14,"href":"https:\/\/www.certinergie.be\/pro\/wp-json\/wp\/v2\/pages\/3665\/revisions"}],"predecessor-version":[{"id":6414,"href":"https:\/\/www.certinergie.be\/pro\/wp-json\/wp\/v2\/pages\/3665\/revisions\/6414"}],"wp:featuredmedia":[{"embeddable":true,"href":"https:\/\/www.certinergie.be\/pro\/wp-json\/wp\/v2\/media\/445"}],"wp:attachment":[{"href":"https:\/\/www.certinergie.be\/pro\/wp-json\/wp\/v2\/media?parent=3665"}],"curies":[{"name":"wp","href":"https:\/\/api.w.org\/{rel}","templated":true}]}}